{"id":46977,"date":"2024-06-28T16:00:45","date_gmt":"2024-06-28T16:00:45","guid":{"rendered":"https:\/\/geekmobiles.com\/?page_id=46977"},"modified":"2024-10-28T00:38:57","modified_gmt":"2024-10-28T00:38:57","slug":"lien-he","status":"publish","type":"page","link":"https:\/\/geekmobiles.com\/vi_eur\/lien-he\/","title":{"rendered":"Li\u00ean h\u1ec7"},"content":{"rendered":"<p>\u0110\u1ed1i v\u1edbi b\u1ea5t k\u1ef3 v\u1ea5n \u0111\u1ec1 li\u00ean quan \u0111\u1ebfn Blog c\u1ee7a ch\u00fang t\u00f4i, xin vui l\u00f2ng li\u00ean h\u1ec7 v\u1edbi ch\u00fang t\u00f4i qua email <strong>contato@geekmobiles.com<\/strong> Ch\u00fang t\u00f4i s\u1ebd li\u00ean h\u1ec7 l\u1ea1i v\u1edbi b\u1ea1n trong v\u00f2ng 24 gi\u1edd.<\/p>","protected":false},"excerpt":{"rendered":"<p>Para qualquer assunto relacionado ao nosso Blog, por favor entre em contato atrav\u00e9s do e-mail contato@geekmobiles.com que retornaremos no prazo de 24 horas.<\/p>","protected":false},"author":1,"featured_media":0,"parent":0,"menu_order":0,"comment_status":"closed","ping_status":"closed","template":"","meta":{"footnotes":""},"class_list":["post-46977","page","type-page","status-publish"],"_links":{"self":[{"href":"https:\/\/geekmobiles.com\/vi_eur\/wp-json\/wp\/v2\/pages\/46977","targetHints":{"allow":["GET"]}}],"collection":[{"href":"https:\/\/geekmobiles.com\/vi_eur\/wp-json\/wp\/v2\/pages"}],"about":[{"href":"https:\/\/geekmobiles.com\/vi_eur\/wp-json\/wp\/v2\/types\/page"}],"author":[{"embeddable":true,"href":"https:\/\/geekmobiles.com\/vi_eur\/wp-json\/wp\/v2\/users\/1"}],"replies":[{"embeddable":true,"href":"https:\/\/geekmobiles.com\/vi_eur\/wp-json\/wp\/v2\/comments?post=46977"}],"version-history":[{"count":2,"href":"https:\/\/geekmobiles.com\/vi_eur\/wp-json\/wp\/v2\/pages\/46977\/revisions"}],"predecessor-version":[{"id":47278,"href":"https:\/\/geekmobiles.com\/vi_eur\/wp-json\/wp\/v2\/pages\/46977\/revisions\/47278"}],"wp:attachment":[{"href":"https:\/\/geekmobiles.com\/vi_eur\/wp-json\/wp\/v2\/media?parent=46977"}],"curies":[{"name":"wp","href":"https:\/\/api.w.org\/{rel}","templated":true}]}}