{"id":46979,"date":"2024-06-28T16:01:36","date_gmt":"2024-06-28T16:01:36","guid":{"rendered":"https:\/\/geekmobiles.com\/?page_id=46979"},"modified":"2024-10-28T00:38:38","modified_gmt":"2024-10-28T00:38:38","slug":"%e0%b8%9e%e0%b8%a7%e0%b8%81%e0%b9%80%e0%b8%a3%e0%b8%b2%e0%b8%84%e0%b8%b7%e0%b8%ad%e0%b9%83%e0%b8%84%e0%b8%a3","status":"publish","type":"page","link":"https:\/\/geekmobiles.com\/th\/%e0%b8%9e%e0%b8%a7%e0%b8%81%e0%b9%80%e0%b8%a3%e0%b8%b2%e0%b8%84%e0%b8%b7%e0%b8%ad%e0%b9%83%e0%b8%84%e0%b8%a3\/","title":{"rendered":"\u0e1e\u0e27\u0e01\u0e40\u0e23\u0e32\u0e04\u0e37\u0e2d\u0e43\u0e04\u0e23"},"content":{"rendered":"<p>Geek Mobiles \u0e40\u0e1b\u0e47\u0e19\u0e40\u0e27\u0e47\u0e1a\u0e44\u0e0b\u0e15\u0e4c\u0e40\u0e17\u0e04\u0e42\u0e19\u0e42\u0e25\u0e22\u0e35\u0e17\u0e35\u0e48\u0e2a\u0e23\u0e49\u0e32\u0e07\u0e02\u0e36\u0e49\u0e19\u0e43\u0e19\u0e1b\u0e35 2024 \u0e42\u0e14\u0e22\u0e21\u0e35\u0e27\u0e31\u0e15\u0e16\u0e38\u0e1b\u0e23\u0e30\u0e2a\u0e07\u0e04\u0e4c\u0e40\u0e1e\u0e37\u0e48\u0e2d\u0e43\u0e2b\u0e49\u0e02\u0e49\u0e2d\u0e21\u0e39\u0e25\u0e41\u0e25\u0e30\u0e40\u0e04\u0e25\u0e47\u0e14\u0e25\u0e31\u0e1a\u0e40\u0e01\u0e35\u0e48\u0e22\u0e27\u0e01\u0e31\u0e1a\u0e41\u0e2d\u0e1b\u0e1e\u0e25\u0e34\u0e40\u0e04\u0e0a\u0e31\u0e19 \u0e01\u0e32\u0e23\u0e40\u0e07\u0e34\u0e19 \u0e41\u0e25\u0e30\u0e2b\u0e31\u0e27\u0e02\u0e49\u0e2d\u0e2d\u0e37\u0e48\u0e19\u0e46 \u0e17\u0e35\u0e48\u0e40\u0e01\u0e35\u0e48\u0e22\u0e27\u0e02\u0e49\u0e2d\u0e07\u0e01\u0e31\u0e1a\u0e42\u0e25\u0e01\u0e14\u0e34\u0e08\u0e34\u0e17\u0e31\u0e25 \u0e40\u0e23\u0e32\u0e40\u0e0a\u0e37\u0e48\u0e2d\u0e27\u0e48\u0e32\u0e40\u0e17\u0e04\u0e42\u0e19\u0e42\u0e25\u0e22\u0e35\u0e40\u0e1b\u0e47\u0e19\u0e40\u0e04\u0e23\u0e37\u0e48\u0e2d\u0e07\u0e21\u0e37\u0e2d\u0e17\u0e35\u0e48\u0e17\u0e23\u0e07\u0e1e\u0e25\u0e31\u0e07\u0e43\u0e19\u0e01\u0e32\u0e23\u0e40\u0e1b\u0e25\u0e35\u0e48\u0e22\u0e19\u0e41\u0e1b\u0e25\u0e07\u0e0a\u0e35\u0e27\u0e34\u0e15\u0e41\u0e25\u0e30\u0e18\u0e38\u0e23\u0e01\u0e34\u0e08 \u0e41\u0e25\u0e30\u0e40\u0e23\u0e32\u0e15\u0e49\u0e2d\u0e07\u0e01\u0e32\u0e23\u0e0a\u0e48\u0e27\u0e22\u0e43\u0e2b\u0e49\u0e1c\u0e39\u0e49\u0e2d\u0e48\u0e32\u0e19\u0e02\u0e2d\u0e07\u0e40\u0e23\u0e32\u0e17\u0e31\u0e19\u0e02\u0e48\u0e32\u0e27\u0e2a\u0e32\u0e23\u0e41\u0e25\u0e30\u0e43\u0e0a\u0e49\u0e1b\u0e23\u0e30\u0e42\u0e22\u0e0a\u0e19\u0e4c\u0e08\u0e32\u0e01\u0e40\u0e04\u0e23\u0e37\u0e48\u0e2d\u0e07\u0e21\u0e37\u0e2d\u0e40\u0e2b\u0e25\u0e48\u0e32\u0e19\u0e35\u0e49\u0e43\u0e2b\u0e49\u0e40\u0e01\u0e34\u0e14\u0e1b\u0e23\u0e30\u0e42\u0e22\u0e0a\u0e19\u0e4c\u0e2a\u0e39\u0e07\u0e2a\u0e38\u0e14<\/p>\n\n\n\n<p>\u0e17\u0e35\u0e48 Geek Mobile \u0e04\u0e38\u0e13\u0e08\u0e30\u0e1e\u0e1a\u0e1a\u0e17\u0e04\u0e27\u0e32\u0e21\u0e41\u0e25\u0e30\u0e1a\u0e17\u0e0a\u0e48\u0e27\u0e22\u0e2a\u0e2d\u0e19\u0e17\u0e35\u0e48\u0e40\u0e02\u0e35\u0e22\u0e19\u0e42\u0e14\u0e22\u0e1c\u0e39\u0e49\u0e40\u0e0a\u0e35\u0e48\u0e22\u0e27\u0e0a\u0e32\u0e0d\u0e14\u0e49\u0e32\u0e19\u0e40\u0e17\u0e04\u0e42\u0e19\u0e42\u0e25\u0e22\u0e35 \u0e15\u0e25\u0e2d\u0e14\u0e08\u0e19\u0e1a\u0e17\u0e27\u0e34\u0e08\u0e32\u0e23\u0e13\u0e4c\u0e41\u0e25\u0e30\u0e1a\u0e17\u0e27\u0e34\u0e08\u0e32\u0e23\u0e13\u0e4c\u0e1c\u0e25\u0e34\u0e15\u0e20\u0e31\u0e13\u0e11\u0e4c\u0e41\u0e25\u0e30\u0e1a\u0e23\u0e34\u0e01\u0e32\u0e23 \u0e19\u0e2d\u0e01\u0e08\u0e32\u0e01\u0e19\u0e35\u0e49\u0e40\u0e23\u0e32\u0e22\u0e31\u0e07\u0e40\u0e2a\u0e19\u0e2d\u0e40\u0e04\u0e25\u0e47\u0e14\u0e25\u0e31\u0e1a\u0e41\u0e25\u0e30\u0e04\u0e33\u0e41\u0e19\u0e30\u0e19\u0e33\u0e40\u0e1e\u0e37\u0e48\u0e2d\u0e0a\u0e48\u0e27\u0e22\u0e43\u0e2b\u0e49\u0e04\u0e38\u0e13\u0e44\u0e14\u0e49\u0e23\u0e31\u0e1a\u0e1b\u0e23\u0e30\u0e42\u0e22\u0e0a\u0e19\u0e4c\u0e2a\u0e39\u0e07\u0e2a\u0e38\u0e14\u0e08\u0e32\u0e01\u0e2d\u0e38\u0e1b\u0e01\u0e23\u0e13\u0e4c\u0e21\u0e37\u0e2d\u0e16\u0e37\u0e2d\u0e41\u0e25\u0e30\u0e41\u0e2d\u0e1e\u0e02\u0e2d\u0e07\u0e04\u0e38\u0e13<\/p>\n\n\n\n<p>Geek Mobile \u0e40\u0e1b\u0e47\u0e19\u0e40\u0e04\u0e23\u0e37\u0e48\u0e2d\u0e07\u0e2b\u0e21\u0e32\u0e22\u0e01\u0e32\u0e23\u0e04\u0e49\u0e32\u0e08\u0e14\u0e17\u0e30\u0e40\u0e1a\u0e35\u0e22\u0e19\u0e02\u0e2d\u0e07\u0e1a\u0e23\u0e34\u0e29\u0e31\u0e17\u00a0<a href=\"http:\/\/spotads.me\/\">spotads.me<\/a>\u00a0\u0e41\u0e25\u0e30\u0e44\u0e14\u0e49\u0e23\u0e31\u0e1a\u0e01\u0e32\u0e23\u0e14\u0e39\u0e41\u0e25\u0e42\u0e14\u0e22\u0e17\u0e35\u0e21\u0e07\u0e32\u0e19\u0e21\u0e37\u0e2d\u0e2d\u0e32\u0e0a\u0e35\u0e1e\u0e17\u0e35\u0e48\u0e2b\u0e25\u0e07\u0e43\u0e2b\u0e25\u0e43\u0e19\u0e40\u0e17\u0e04\u0e42\u0e19\u0e42\u0e25\u0e22\u0e35\u201d<\/p>\n\n\n\n<p>\u0e17\u0e35\u0e21\u0e07\u0e32\u0e19\u0e02\u0e2d\u0e07\u0e40\u0e23\u0e32\u0e1b\u0e23\u0e30\u0e01\u0e2d\u0e1a\u0e14\u0e49\u0e27\u0e22\u0e1c\u0e39\u0e49\u0e40\u0e0a\u0e35\u0e48\u0e22\u0e27\u0e0a\u0e32\u0e0d\u0e14\u0e49\u0e32\u0e19\u0e40\u0e17\u0e04\u0e42\u0e19\u0e42\u0e25\u0e22\u0e35 \u0e19\u0e31\u0e01\u0e02\u0e48\u0e32\u0e27 \u0e41\u0e25\u0e30\u0e19\u0e31\u0e01\u0e40\u0e02\u0e35\u0e22\u0e19 \u0e0b\u0e36\u0e48\u0e07\u0e25\u0e49\u0e27\u0e19\u0e21\u0e38\u0e48\u0e07\u0e21\u0e31\u0e48\u0e19\u0e17\u0e35\u0e48\u0e08\u0e30\u0e19\u0e33\u0e40\u0e2a\u0e19\u0e2d\u0e40\u0e19\u0e37\u0e49\u0e2d\u0e2b\u0e32\u0e04\u0e38\u0e13\u0e20\u0e32\u0e1e\u0e2a\u0e39\u0e07\u0e41\u0e25\u0e30\u0e16\u0e39\u0e01\u0e15\u0e49\u0e2d\u0e07\u0e41\u0e21\u0e48\u0e19\u0e22\u0e33\u0e41\u0e01\u0e48\u0e1c\u0e39\u0e49\u0e2d\u0e48\u0e32\u0e19\u0e02\u0e2d\u0e07\u0e40\u0e23\u0e32 \u0e40\u0e23\u0e32\u0e40\u0e0a\u0e37\u0e48\u0e2d\u0e27\u0e48\u0e32\u0e40\u0e17\u0e04\u0e42\u0e19\u0e42\u0e25\u0e22\u0e35\u0e40\u0e1b\u0e47\u0e19\u0e40\u0e04\u0e23\u0e37\u0e48\u0e2d\u0e07\u0e21\u0e37\u0e2d\u0e17\u0e35\u0e48\u0e17\u0e23\u0e07\u0e1e\u0e25\u0e31\u0e07\u0e43\u0e19\u0e01\u0e32\u0e23\u0e40\u0e1b\u0e25\u0e35\u0e48\u0e22\u0e19\u0e41\u0e1b\u0e25\u0e07\u0e0a\u0e35\u0e27\u0e34\u0e15\u0e41\u0e25\u0e30\u0e18\u0e38\u0e23\u0e01\u0e34\u0e08 \u0e41\u0e25\u0e30\u0e40\u0e1b\u0e49\u0e32\u0e2b\u0e21\u0e32\u0e22\u0e02\u0e2d\u0e07\u0e40\u0e23\u0e32\u0e04\u0e37\u0e2d\u0e01\u0e32\u0e23\u0e0a\u0e48\u0e27\u0e22\u0e43\u0e2b\u0e49\u0e1c\u0e39\u0e49\u0e2d\u0e48\u0e32\u0e19\u0e02\u0e2d\u0e07\u0e40\u0e23\u0e32\u0e17\u0e31\u0e19\u0e02\u0e48\u0e32\u0e27\u0e2a\u0e32\u0e23\u0e41\u0e25\u0e30\u0e43\u0e0a\u0e49\u0e1b\u0e23\u0e30\u0e42\u0e22\u0e0a\u0e19\u0e4c\u0e08\u0e32\u0e01\u0e40\u0e04\u0e23\u0e37\u0e48\u0e2d\u0e07\u0e21\u0e37\u0e2d\u0e40\u0e2b\u0e25\u0e48\u0e32\u0e19\u0e35\u0e49\u0e43\u0e2b\u0e49\u0e40\u0e01\u0e34\u0e14\u0e1b\u0e23\u0e30\u0e42\u0e22\u0e0a\u0e19\u0e4c\u0e2a\u0e39\u0e07\u0e2a\u0e38\u0e14<\/p>\n\n\n\n<p>\u0e19\u0e2d\u0e01\u0e40\u0e2b\u0e19\u0e37\u0e2d\u0e08\u0e32\u0e01\u0e40\u0e19\u0e37\u0e49\u0e2d\u0e2b\u0e32\u0e41\u0e25\u0e49\u0e27 \u0e40\u0e23\u0e32\u0e22\u0e31\u0e07\u0e40\u0e2a\u0e19\u0e2d\u0e42\u0e2d\u0e01\u0e32\u0e2a\u0e43\u0e2b\u0e49\u0e1c\u0e39\u0e49\u0e2d\u0e48\u0e32\u0e19\u0e40\u0e0a\u0e37\u0e48\u0e2d\u0e21\u0e15\u0e48\u0e2d\u0e01\u0e31\u0e1a\u0e1c\u0e39\u0e49\u0e17\u0e35\u0e48\u0e0a\u0e37\u0e48\u0e19\u0e0a\u0e2d\u0e1a\u0e40\u0e17\u0e04\u0e42\u0e19\u0e42\u0e25\u0e22\u0e35\u0e04\u0e19\u0e2d\u0e37\u0e48\u0e19\u0e46 \u0e1c\u0e48\u0e32\u0e19\u0e40\u0e04\u0e23\u0e37\u0e2d\u0e02\u0e48\u0e32\u0e22\u0e42\u0e0b\u0e40\u0e0a\u0e35\u0e22\u0e25\u0e41\u0e25\u0e30\u0e01\u0e23\u0e30\u0e14\u0e32\u0e19\u0e2a\u0e19\u0e17\u0e19\u0e32\u0e02\u0e2d\u0e07\u0e40\u0e23\u0e32 \u0e40\u0e23\u0e32\u0e43\u0e2b\u0e49\u0e04\u0e27\u0e32\u0e21\u0e2a\u0e33\u0e04\u0e31\u0e0d\u0e01\u0e31\u0e1a\u0e04\u0e27\u0e32\u0e21\u0e04\u0e34\u0e14\u0e40\u0e2b\u0e47\u0e19\u0e02\u0e2d\u0e07\u0e1c\u0e39\u0e49\u0e2d\u0e48\u0e32\u0e19\u0e41\u0e25\u0e30\u0e22\u0e34\u0e19\u0e14\u0e35\u0e23\u0e31\u0e1a\u0e1f\u0e31\u0e07\u0e02\u0e49\u0e2d\u0e40\u0e2a\u0e19\u0e2d\u0e41\u0e19\u0e30\u0e41\u0e25\u0e30\u0e02\u0e49\u0e2d\u0e40\u0e2a\u0e19\u0e2d\u0e41\u0e19\u0e30\u0e40\u0e1e\u0e37\u0e48\u0e2d\u0e1b\u0e23\u0e31\u0e1a\u0e1b\u0e23\u0e38\u0e07\u0e1a\u0e23\u0e34\u0e01\u0e32\u0e23\u0e02\u0e2d\u0e07\u0e40\u0e23\u0e32\u0e2d\u0e22\u0e39\u0e48\u0e40\u0e2a\u0e21\u0e2d<\/p>\n\n\n\n<p>\u0e15\u0e34\u0e14\u0e15\u0e32\u0e21\u0e40\u0e23\u0e32\u0e41\u0e25\u0e30\u0e15\u0e34\u0e14\u0e15\u0e32\u0e21\u0e02\u0e48\u0e32\u0e27\u0e2a\u0e32\u0e23\u0e25\u0e48\u0e32\u0e2a\u0e38\u0e14\u0e40\u0e01\u0e35\u0e48\u0e22\u0e27\u0e01\u0e31\u0e1a\u0e40\u0e17\u0e23\u0e19\u0e14\u0e4c\u0e41\u0e25\u0e30\u0e02\u0e48\u0e32\u0e27\u0e2a\u0e32\u0e23\u0e25\u0e48\u0e32\u0e2a\u0e38\u0e14\u0e43\u0e19\u0e42\u0e25\u0e01\u0e41\u0e2b\u0e48\u0e07\u0e40\u0e17\u0e04\u0e42\u0e19\u0e42\u0e25\u0e22\u0e35 \u0e02\u0e2d\u0e1a\u0e04\u0e38\u0e13\u0e2a\u0e33\u0e2b\u0e23\u0e31\u0e1a\u0e01\u0e32\u0e23\u0e40\u0e22\u0e35\u0e48\u0e22\u0e21\u0e0a\u0e21\u0e40\u0e27\u0e47\u0e1a\u0e44\u0e0b\u0e15\u0e4c\u0e02\u0e2d\u0e07\u0e40\u0e23\u0e32 \u0e41\u0e25\u0e30\u0e40\u0e23\u0e32\u0e2b\u0e27\u0e31\u0e07\u0e27\u0e48\u0e32\u0e08\u0e30\u0e44\u0e14\u0e49\u0e1e\u0e1a\u0e04\u0e38\u0e13\u0e2d\u0e35\u0e01\u0e04\u0e23\u0e31\u0e49\u0e07\u0e43\u0e19\u0e40\u0e23\u0e47\u0e27 \u0e46 \u0e19\u0e35\u0e49!<\/p>","protected":false},"excerpt":{"rendered":"<p>O Geek Mobiles \u00e9 um site de tecnologia criado em 2024 com o objetivo de fornecer informa\u00e7\u00f5es e dicas sobre aplicativos, finan\u00e7as e outros assuntos relacionados ao mundo digital. N\u00f3s acreditamos que a tecnologia \u00e9 uma ferramenta poderosa para transformar vidas e empresas, e queremos ajudar nossos leitores a se manterem atualizados e aproveitar ao &#8230; <a title=\"\u0e1e\u0e27\u0e01\u0e40\u0e23\u0e32\u0e04\u0e37\u0e2d\u0e43\u0e04\u0e23\" class=\"read-more\" href=\"https:\/\/geekmobiles.com\/th\/%e0%b8%9e%e0%b8%a7%e0%b8%81%e0%b9%80%e0%b8%a3%e0%b8%b2%e0%b8%84%e0%b8%b7%e0%b8%ad%e0%b9%83%e0%b8%84%e0%b8%a3\/\" aria-label=\"\u0e2d\u0e48\u0e32\u0e19\u0e40\u0e1e\u0e34\u0e48\u0e21\u0e40\u0e15\u0e34\u0e21\u0e40\u0e01\u0e35\u0e48\u0e22\u0e27\u0e01\u0e31\u0e1a\u0e40\u0e23\u0e32\u0e04\u0e37\u0e2d\u0e43\u0e04\u0e23\">\u0e2d\u0e48\u0e32\u0e19\u0e40\u0e1e\u0e34\u0e48\u0e21\u0e40\u0e15\u0e34\u0e21<\/a><\/p>","protected":false},"author":1,"featured_media":0,"parent":0,"menu_order":0,"comment_status":"closed","ping_status":"closed","template":"","meta":{"footnotes":""},"class_list":["post-46979","page","type-page","status-publish"],"_links":{"self":[{"href":"https:\/\/geekmobiles.com\/th\/wp-json\/wp\/v2\/pages\/46979","targetHints":{"allow":["GET"]}}],"collection":[{"href":"https:\/\/geekmobiles.com\/th\/wp-json\/wp\/v2\/pages"}],"about":[{"href":"https:\/\/geekmobiles.com\/th\/wp-json\/wp\/v2\/types\/page"}],"author":[{"embeddable":true,"href":"https:\/\/geekmobiles.com\/th\/wp-json\/wp\/v2\/users\/1"}],"replies":[{"embeddable":true,"href":"https:\/\/geekmobiles.com\/th\/wp-json\/wp\/v2\/comments?post=46979"}],"version-history":[{"count":3,"href":"https:\/\/geekmobiles.com\/th\/wp-json\/wp\/v2\/pages\/46979\/revisions"}],"predecessor-version":[{"id":47277,"href":"https:\/\/geekmobiles.com\/th\/wp-json\/wp\/v2\/pages\/46979\/revisions\/47277"}],"wp:attachment":[{"href":"https:\/\/geekmobiles.com\/th\/wp-json\/wp\/v2\/media?parent=46979"}],"curies":[{"name":"wp","href":"https:\/\/api.w.org\/{rel}","templated":true}]}}