{"id":46977,"date":"2024-06-28T16:00:45","date_gmt":"2024-06-28T16:00:45","guid":{"rendered":"https:\/\/geekmobiles.com\/?page_id=46977"},"modified":"2024-10-28T00:38:57","modified_gmt":"2024-10-28T00:38:57","slug":"kontakt","status":"publish","type":"page","link":"https:\/\/geekmobiles.com\/sv\/kontakt\/","title":{"rendered":"Kontakt"},"content":{"rendered":"<p>F\u00f6r alla fr\u00e5gor som r\u00f6r v\u00e5r blogg, v\u00e4nligen kontakta oss via e-post <strong>contato@geekmobiles.com<\/strong> Vi \u00e5terkommer till dig inom 24 timmar.<\/p>","protected":false},"excerpt":{"rendered":"<p>F\u00f6r alla fr\u00e5gor som r\u00f6r v\u00e5r blogg, v\u00e4nligen kontakta oss via e-post p\u00e5 contato@geekmobiles.com s\u00e5 \u00e5terkommer vi till dig inom 24 timmar.<\/p>","protected":false},"author":1,"featured_media":0,"parent":0,"menu_order":0,"comment_status":"closed","ping_status":"closed","template":"","meta":{"footnotes":""},"class_list":["post-46977","page","type-page","status-publish"],"_links":{"self":[{"href":"https:\/\/geekmobiles.com\/sv\/wp-json\/wp\/v2\/pages\/46977","targetHints":{"allow":["GET"]}}],"collection":[{"href":"https:\/\/geekmobiles.com\/sv\/wp-json\/wp\/v2\/pages"}],"about":[{"href":"https:\/\/geekmobiles.com\/sv\/wp-json\/wp\/v2\/types\/page"}],"author":[{"embeddable":true,"href":"https:\/\/geekmobiles.com\/sv\/wp-json\/wp\/v2\/users\/1"}],"replies":[{"embeddable":true,"href":"https:\/\/geekmobiles.com\/sv\/wp-json\/wp\/v2\/comments?post=46977"}],"version-history":[{"count":2,"href":"https:\/\/geekmobiles.com\/sv\/wp-json\/wp\/v2\/pages\/46977\/revisions"}],"predecessor-version":[{"id":47278,"href":"https:\/\/geekmobiles.com\/sv\/wp-json\/wp\/v2\/pages\/46977\/revisions\/47278"}],"wp:attachment":[{"href":"https:\/\/geekmobiles.com\/sv\/wp-json\/wp\/v2\/media?parent=46977"}],"curies":[{"name":"wp","href":"https:\/\/api.w.org\/{rel}","templated":true}]}}