{"id":46977,"date":"2024-06-28T16:00:45","date_gmt":"2024-06-28T16:00:45","guid":{"rendered":"https:\/\/geekmobiles.com\/?page_id=46977"},"modified":"2024-10-28T00:38:57","modified_gmt":"2024-10-28T00:38:57","slug":"kontakt","status":"publish","type":"page","link":"https:\/\/geekmobiles.com\/sk\/kontakt\/","title":{"rendered":"Kontakt"},"content":{"rendered":"<p>V pr\u00edpade ak\u00fdchko\u013evek z\u00e1le\u017eitost\u00ed t\u00fdkaj\u00facich sa n\u00e1\u0161ho blogu n\u00e1s pros\u00edm kontaktujte prostredn\u00edctvom e-mailu <strong>contato@geekmobiles.com<\/strong> Do 24 hod\u00edn sa v\u00e1m ozveme sp\u00e4\u0165.<\/p>","protected":false},"excerpt":{"rendered":"<p>Para qualquer assunto relacionado ao nosso Blog, por favor entre em contato atrav\u00e9s do e-mail contato@geekmobiles.com que retornaremos no prazo de 24 horas.<\/p>","protected":false},"author":1,"featured_media":0,"parent":0,"menu_order":0,"comment_status":"closed","ping_status":"closed","template":"","meta":{"footnotes":""},"class_list":["post-46977","page","type-page","status-publish"],"_links":{"self":[{"href":"https:\/\/geekmobiles.com\/sk\/wp-json\/wp\/v2\/pages\/46977","targetHints":{"allow":["GET"]}}],"collection":[{"href":"https:\/\/geekmobiles.com\/sk\/wp-json\/wp\/v2\/pages"}],"about":[{"href":"https:\/\/geekmobiles.com\/sk\/wp-json\/wp\/v2\/types\/page"}],"author":[{"embeddable":true,"href":"https:\/\/geekmobiles.com\/sk\/wp-json\/wp\/v2\/users\/1"}],"replies":[{"embeddable":true,"href":"https:\/\/geekmobiles.com\/sk\/wp-json\/wp\/v2\/comments?post=46977"}],"version-history":[{"count":2,"href":"https:\/\/geekmobiles.com\/sk\/wp-json\/wp\/v2\/pages\/46977\/revisions"}],"predecessor-version":[{"id":47278,"href":"https:\/\/geekmobiles.com\/sk\/wp-json\/wp\/v2\/pages\/46977\/revisions\/47278"}],"wp:attachment":[{"href":"https:\/\/geekmobiles.com\/sk\/wp-json\/wp\/v2\/media?parent=46977"}],"curies":[{"name":"pracovn\u00fd list","href":"https:\/\/api.w.org\/{rel}","templated":true}]}}