{"id":46979,"date":"2024-06-28T16:01:36","date_gmt":"2024-06-28T16:01:36","guid":{"rendered":"https:\/\/geekmobiles.com\/?page_id=46979"},"modified":"2024-10-28T00:38:38","modified_gmt":"2024-10-28T00:38:38","slug":"cine-suntem-noi","status":"publish","type":"page","link":"https:\/\/geekmobiles.com\/ro\/cine-suntem-noi\/","title":{"rendered":"Cine suntem noi"},"content":{"rendered":"<p>Geek Mobiles este un site web de tehnologie creat \u00een 2024 cu scopul de a oferi informa\u021bii \u0219i sfaturi despre aplica\u021bii, finan\u021be \u0219i alte subiecte legate de lumea digital\u0103. Credem c\u0103 tehnologia este un instrument puternic pentru transformarea vie\u021bilor \u0219i a afacerilor \u0219i dorim s\u0103 ne ajut\u0103m cititorii s\u0103 r\u0103m\u00e2n\u0103 la curent \u0219i s\u0103 profite la maximum de aceste instrumente.<\/p>\n\n\n\n<p>Aici, la Geek Mobile, ve\u021bi g\u0103si articole \u0219i tutoriale scrise de exper\u021bi \u00een tehnologie, precum \u0219i recenzii \u0219i recenzii ale produselor \u0219i serviciilor. De asemenea, oferim sfaturi \u0219i trucuri pentru a v\u0103 ajuta s\u0103 profita\u021bi la maximum de dispozitivele \u0219i aplica\u021biile dvs. mobile.<\/p>\n\n\n\n<p>Geek Mobile este o marc\u0103 \u00eenregistrat\u0103 a companiei\u00a0<a href=\"http:\/\/spotads.me\/\">spotads.me<\/a>\u00a0\u0219i este \u00eentre\u021binut de o echip\u0103 de profesioni\u0219ti pasiona\u021bi de tehnologie.\u201d<\/p>\n\n\n\n<p>Echipa noastr\u0103 este format\u0103 din exper\u021bi \u00een tehnologie, jurnali\u0219ti \u0219i scriitori, to\u021bi angaja\u021bi s\u0103 ofere cititorilor no\u0219tri con\u021binut precis \u0219i de \u00eenalt\u0103 calitate. Credem c\u0103 tehnologia este un instrument puternic pentru transformarea vie\u021bilor \u0219i a afacerilor, iar scopul nostru este s\u0103 ne ajut\u0103m cititorii s\u0103 r\u0103m\u00e2n\u0103 la curent \u0219i s\u0103 profite la maximum de aceste instrumente.<\/p>\n\n\n\n<p>Pe l\u00e2ng\u0103 con\u021binut, oferim \u0219i cititorilor no\u0219tri oportunitatea de a intra \u00een leg\u0103tur\u0103 cu al\u021bi pasiona\u021bi de tehnologie prin re\u021belele noastre sociale \u0219i forumurile de discu\u021bii. Apreciem opinia cititorilor no\u0219tri \u0219i suntem \u00eentotdeauna deschi\u0219i la sugestii \u0219i feedback pentru a ne \u00eembun\u0103t\u0103\u021bi serviciile.<\/p>\n\n\n\n<p>Urm\u0103re\u0219te-ne \u0219i fii la curent cu cele mai recente tendin\u021be \u0219i \u0219tiri din lumea tehnologiei. V\u0103 mul\u021bumim c\u0103 a\u021bi vizitat site-ul nostru \u0219i sper\u0103m s\u0103 ne revedem cur\u00e2nd!<\/p>","protected":false},"excerpt":{"rendered":"<p>Geek Mobiles este un site web de tehnologie creat \u00een 2024 cu scopul de a oferi informa\u021bii \u0219i sfaturi despre aplica\u021bii, finan\u021be \u0219i alte subiecte legate de lumea digital\u0103. Credem c\u0103 tehnologia este un instrument puternic pentru transformarea vie\u021bilor \u0219i a afacerilor \u0219i dorim s\u0103 ne ajut\u0103m cititorii s\u0103 r\u0103m\u00e2n\u0103 la curent \u0219i s\u0103 se bucure de... <a title=\"Cine suntem noi\" class=\"read-more\" href=\"https:\/\/geekmobiles.com\/ro\/cine-suntem-noi\/\" aria-label=\"Cite\u0219te mai multe despre Quem somos\">cite\u015fte mai mult<\/a><\/p>","protected":false},"author":1,"featured_media":0,"parent":0,"menu_order":0,"comment_status":"closed","ping_status":"closed","template":"","meta":{"footnotes":""},"class_list":["post-46979","page","type-page","status-publish"],"_links":{"self":[{"href":"https:\/\/geekmobiles.com\/ro\/wp-json\/wp\/v2\/pages\/46979","targetHints":{"allow":["GET"]}}],"collection":[{"href":"https:\/\/geekmobiles.com\/ro\/wp-json\/wp\/v2\/pages"}],"about":[{"href":"https:\/\/geekmobiles.com\/ro\/wp-json\/wp\/v2\/types\/page"}],"author":[{"embeddable":true,"href":"https:\/\/geekmobiles.com\/ro\/wp-json\/wp\/v2\/users\/1"}],"replies":[{"embeddable":true,"href":"https:\/\/geekmobiles.com\/ro\/wp-json\/wp\/v2\/comments?post=46979"}],"version-history":[{"count":3,"href":"https:\/\/geekmobiles.com\/ro\/wp-json\/wp\/v2\/pages\/46979\/revisions"}],"predecessor-version":[{"id":47277,"href":"https:\/\/geekmobiles.com\/ro\/wp-json\/wp\/v2\/pages\/46979\/revisions\/47277"}],"wp:attachment":[{"href":"https:\/\/geekmobiles.com\/ro\/wp-json\/wp\/v2\/media?parent=46979"}],"curies":[{"name":"wp","href":"https:\/\/api.w.org\/{rel}","templated":true}]}}