{"id":46979,"date":"2024-06-28T16:01:36","date_gmt":"2024-06-28T16:01:36","guid":{"rendered":"https:\/\/geekmobiles.com\/?page_id=46979"},"modified":"2024-10-28T00:38:38","modified_gmt":"2024-10-28T00:38:38","slug":"quem-somos","status":"publish","type":"page","link":"https:\/\/geekmobiles.com\/pt_eur\/quem-somos\/","title":{"rendered":"Quem somos"},"content":{"rendered":"<p>O Geek Mobiles \u00e9 um site de tecnologia criado em 2024 com o objetivo de fornecer informa\u00e7\u00f5es e dicas sobre aplicativos, finan\u00e7as e outros assuntos relacionados ao mundo digital. N\u00f3s acreditamos que a tecnologia \u00e9 uma ferramenta poderosa para transformar vidas e empresas, e queremos ajudar nossos leitores a se manterem atualizados e aproveitar ao m\u00e1ximo essas ferramentas.<\/p>\n\n\n\n<p>Aqui no Geek Mobile, voc\u00ea encontrar\u00e1 artigos e tutoriais escritos por especialistas em tecnologia, al\u00e9m de an\u00e1lises e resenhas de produtos e servi\u00e7os. N\u00f3s tamb\u00e9m oferecemos dicas e truques para ajudar voc\u00ea a aproveitar ao m\u00e1ximo seus dispositivos m\u00f3veis e aplicativos.<\/p>\n\n\n\n<p>O Geek Mobile \u00e9 uma marca registrada da empresa\u00a0<a href=\"http:\/\/spotads.me\/\">spotads.me<\/a>\u00a0e \u00e9 mantido por uma equipe de profissionais apaixonados por tecnologia.\u201d<\/p>\n\n\n\n<p>Nossa equipe \u00e9 composta por especialistas em tecnologia, jornalistas e escritores, todos comprometidos em fornecer conte\u00fado de alta qualidade e preciso para nossos leitores. Acreditamos que a tecnologia \u00e9 uma ferramenta poderosa para transformar vidas e empresas e nosso objetivo \u00e9 ajudar nossos leitores a se manterem atualizados e aproveitar ao m\u00e1ximo essas ferramentas.<\/p>\n\n\n\n<p>Al\u00e9m de conte\u00fado, tamb\u00e9m oferecemos a nossos leitores a oportunidade de se conectar com outros entusiastas de tecnologia atrav\u00e9s de nossas redes sociais e f\u00f3runs de discuss\u00e3o. N\u00f3s valorizamos a opini\u00e3o de nossos leitores e sempre estamos abertos a sugest\u00f5es e feedback para melhorar nossos servi\u00e7os.<\/p>\n\n\n\n<p>Acompanhe-nos e fique por dentro das \u00faltimas tend\u00eancias e novidades do mundo da tecnologia. Obrigado por visitar o nosso site e esperamos v\u00ea-lo novamente em breve!<\/p>","protected":false},"excerpt":{"rendered":"<p>O Geek Mobiles \u00e9 um site de tecnologia criado em 2024 com o objetivo de fornecer informa\u00e7\u00f5es e dicas sobre aplicativos, finan\u00e7as e outros assuntos relacionados ao mundo digital. N\u00f3s acreditamos que a tecnologia \u00e9 uma ferramenta poderosa para transformar vidas e empresas, e queremos ajudar nossos leitores a se manterem atualizados e aproveitar ao &#8230; <a title=\"Quem somos\" class=\"read-more\" href=\"https:\/\/geekmobiles.com\/pt_eur\/quem-somos\/\" aria-label=\"Read more about Quem somos\">Leia mais<\/a><\/p>","protected":false},"author":1,"featured_media":0,"parent":0,"menu_order":0,"comment_status":"closed","ping_status":"closed","template":"","meta":{"footnotes":""},"class_list":["post-46979","page","type-page","status-publish"],"_links":{"self":[{"href":"https:\/\/geekmobiles.com\/pt_eur\/wp-json\/wp\/v2\/pages\/46979","targetHints":{"allow":["GET"]}}],"collection":[{"href":"https:\/\/geekmobiles.com\/pt_eur\/wp-json\/wp\/v2\/pages"}],"about":[{"href":"https:\/\/geekmobiles.com\/pt_eur\/wp-json\/wp\/v2\/types\/page"}],"author":[{"embeddable":true,"href":"https:\/\/geekmobiles.com\/pt_eur\/wp-json\/wp\/v2\/users\/1"}],"replies":[{"embeddable":true,"href":"https:\/\/geekmobiles.com\/pt_eur\/wp-json\/wp\/v2\/comments?post=46979"}],"version-history":[{"count":3,"href":"https:\/\/geekmobiles.com\/pt_eur\/wp-json\/wp\/v2\/pages\/46979\/revisions"}],"predecessor-version":[{"id":47277,"href":"https:\/\/geekmobiles.com\/pt_eur\/wp-json\/wp\/v2\/pages\/46979\/revisions\/47277"}],"wp:attachment":[{"href":"https:\/\/geekmobiles.com\/pt_eur\/wp-json\/wp\/v2\/media?parent=46979"}],"curies":[{"name":"wp","href":"https:\/\/api.w.org\/{rel}","templated":true}]}}