{"id":46975,"date":"2024-06-28T15:59:34","date_gmt":"2024-06-28T15:59:34","guid":{"rendered":"https:\/\/geekmobiles.com\/?page_id=46975"},"modified":"2024-10-28T00:43:39","modified_gmt":"2024-10-28T00:43:39","slug":"warunki-korzystania","status":"publish","type":"page","link":"https:\/\/geekmobiles.com\/pl\/warunki-korzystania\/","title":{"rendered":"Warunki korzystania"},"content":{"rendered":"<h2 class=\"wp-block-heading\">Warunki korzystania z serwisu Geek Mobiles<\/h2>\n\n\n\n<p>Wchodz\u0105c na stron\u0119 internetow\u0105 Geek Mobiles, wyra\u017casz zgod\u0119 na przestrzeganie niniejszych warunk\u00f3w \u015bwiadczenia us\u0142ug, wszystkich obowi\u0105zuj\u0105cych praw i przepis\u00f3w oraz zgadzasz si\u0119, \u017ce jeste\u015b odpowiedzialny za przestrzeganie wszelkich obowi\u0105zuj\u0105cych przepis\u00f3w lokalnych. Je\u015bli nie zgadzasz si\u0119 z kt\u00f3rymkolwiek z tych warunk\u00f3w, nie mo\u017cesz korzysta\u0107 z tej witryny ani uzyskiwa\u0107 do niej dost\u0119pu. Materia\u0142y zawarte w tej witrynie s\u0105 chronione obowi\u0105zuj\u0105cymi przepisami dotycz\u0105cymi praw autorskich i znak\u00f3w towarowych.<\/p>\n\n\n\n<h2 class=\"wp-block-heading\">Wykorzystanie licencji<\/h2>\n\n\n\n<p>Zezwala si\u0119 na tymczasowe pobranie jednej kopii materia\u0142\u00f3w (informacji lub oprogramowania) ze strony internetowej Geek Mobiles wy\u0142\u0105cznie do osobistego, niekomercyjnego, tymczasowego przegl\u0105dania. Jest to udzielenie licencji, a nie przeniesienie tytu\u0142u i na mocy tej licencji nie mo\u017cesz:<\/p>\n\n\n\n<ul class=\"wp-block-list\">\n<li>modyfikowa\u0107 lub kopiowa\u0107 materia\u0142y;<\/li>\n\n\n\n<li>wykorzystywa\u0107 materia\u0142\u00f3w do cel\u00f3w komercyjnych lub do publicznego wy\u015bwietlania (komercyjnego lub niekomercyjnego);<\/li>\n\n\n\n<li>podejmowa\u0107 pr\u00f3b dekompilacji lub in\u017cynierii wstecznej dowolnego oprogramowania zawartego w witrynie internetowej Geek Mobiles;<\/li>\n\n\n\n<li>usun\u0105\u0107 z materia\u0142\u00f3w wszelkie oznaczenia dotycz\u0105ce praw autorskich lub innych praw w\u0142asno\u015bci; Lub<\/li>\n\n\n\n<li>przenie\u015b\u0107 materia\u0142y na inn\u0105 osob\u0119 lub \u201eodzwierciedli\u0107\u201d materia\u0142y na innym serwerze. Niniejsza licencja wygasa automatycznie w przypadku naruszenia kt\u00f3regokolwiek z tych ogranicze\u0144 i mo\u017ce zosta\u0107 wypowiedziana przez firm\u0119 Geek Mobiles w dowolnym momencie. Po zako\u0144czeniu przegl\u0105dania tych materia\u0142\u00f3w lub wyga\u015bni\u0119ciu niniejszej licencji nale\u017cy usun\u0105\u0107 wszelkie pobrane materia\u0142y znajduj\u0105ce si\u0119 w posiadaniu, zar\u00f3wno w formacie elektronicznym, jak i drukowanym.<\/li>\n<\/ul>\n\n\n\n<h2 class=\"wp-block-heading\">Zastrze\u017cenie<\/h2>\n\n\n\n<p>Materia\u0142y na stronie internetowej Geek Mobiles s\u0105 dostarczane w stanie takim, jakim s\u0105. Geek Mobiles nie udziela \u017cadnych gwarancji, wyra\u017anych ani dorozumianych, i niniejszym zrzeka si\u0119 i neguje wszelkie inne gwarancje, w tym mi\u0119dzy innymi dorozumiane gwarancje lub warunki przydatno\u015bci handlowej, przydatno\u015bci do okre\u015blonego celu lub nienaruszania w\u0142asno\u015bci intelektualnej lub innego naruszenia praw.<\/p>\n\n\n\n<p>Ponadto Geek Mobiles nie gwarantuje ani nie sk\u0142ada \u017cadnych o\u015bwiadcze\u0144 dotycz\u0105cych dok\u0142adno\u015bci, prawdopodobnych wynik\u00f3w lub wiarygodno\u015bci wykorzystania materia\u0142\u00f3w na jej stronie internetowej lub w inny spos\u00f3b odnosz\u0105cych si\u0119 do takich materia\u0142\u00f3w lub na jakichkolwiek stronach powi\u0105zanych z t\u0105 witryn\u0105.<\/p>\n\n\n\n<h2 class=\"wp-block-heading\">Ograniczenia<\/h2>\n\n\n\n<p>W \u017cadnym wypadku firma Geek Mobiles ani jej dostawcy nie ponosz\u0105 odpowiedzialno\u015bci za jakiekolwiek szkody (w tym mi\u0119dzy innymi szkody z tytu\u0142u utraty danych lub zysk\u00f3w lub z powodu przerwy w dzia\u0142alno\u015bci) wynikaj\u0105ce z u\u017cycia lub niemo\u017cno\u015bci wykorzystania materia\u0142\u00f3w na stronie internetowej Geek Mobiles nawet je\u015bli firma Geek Mobiles lub jej autoryzowany przedstawiciel zostali ustnie lub pisemnie powiadomieni o mo\u017cliwo\u015bci wyst\u0105pienia takich szk\u00f3d. Poniewa\u017c niekt\u00f3re jurysdykcje nie zezwalaj\u0105 na ograniczenia dorozumianych gwarancji lub ograniczenia odpowiedzialno\u015bci za szkody wt\u00f3rne lub przypadkowe, ograniczenia te mog\u0105 nie mie\u0107 zastosowania w Twoim przypadku.<\/p>\n\n\n\n<h2 class=\"wp-block-heading\">Precyzja materia\u0142\u00f3w<\/h2>\n\n\n\n<p>Materia\u0142y pojawiaj\u0105ce si\u0119 na stronie internetowej Geek Mobiles mog\u0105 zawiera\u0107 b\u0142\u0119dy techniczne, typograficzne lub fotograficzne. Geek Mobiles nie gwarantuje, \u017ce jakiekolwiek materia\u0142y na jej stronie internetowej s\u0105 dok\u0142adne, kompletne i aktualne. Geek Mobiles mo\u017ce wprowadza\u0107 zmiany w materia\u0142ach zawartych na swojej stronie internetowej w dowolnym momencie i bez uprzedzenia. Jednak\u017ce Geek Mobiles nie zobowi\u0105zuje si\u0119 do aktualizacji materia\u0142\u00f3w.<\/p>\n\n\n\n<h2 class=\"wp-block-heading\">Spinki do mankiet\u00f3w<\/h2>\n\n\n\n<p>Firma Geek Mobiles nie sprawdzi\u0142a wszystkich witryn powi\u0105zanych z jej witryn\u0105 i nie ponosi odpowiedzialno\u015bci za zawarto\u015b\u0107 \u017cadnej witryny, do kt\u00f3rej prowadz\u0105 linki. Za\u0142\u0105czenie jakiegokolwiek \u0142\u0105cza nie oznacza poparcia witryny przez firm\u0119 Geek Mobiles. Korzystanie z jakiejkolwiek witryny, do kt\u00f3rej prowadz\u0105 linki, odbywa si\u0119 na w\u0142asne ryzyko u\u017cytkownika.<\/p>\n\n\n\n<h2 class=\"wp-block-heading\">Modyfikacje<\/h2>\n\n\n\n<p>Geek Mobiles mo\u017ce zmieni\u0107 niniejsze warunki \u015bwiadczenia us\u0142ug dla swojej witryny internetowej w dowolnym momencie i bez uprzedzenia. Korzystaj\u0105c z tej witryny, wyra\u017casz zgod\u0119 na obowi\u0105zuj\u0105c\u0105 wersj\u0119 niniejszych warunk\u00f3w \u015bwiadczenia us\u0142ug.<\/p>\n\n\n\n<p>Obowi\u0105zuj\u0105ce prawo Niniejsze warunki podlegaj\u0105 prawu Geek Mobiles i s\u0105 zgodnie z nimi interpretowane, a u\u017cytkownik nieodwo\u0142alnie poddaje si\u0119 wy\u0142\u0105cznej jurysdykcji s\u0105d\u00f3w w tym stanie lub lokalizacji.<\/p>\n\n\n\n<h2 class=\"wp-block-heading\" id=\"lei-aplicavel\">Obowi\u0105zuj\u0105ce prawo<\/h2>\n\n\n\n<p>Niniejsze warunki podlegaj\u0105 prawu Geek Mobiles i s\u0105 zgodnie z nimi interpretowane, a u\u017cytkownik nieodwo\u0142alnie poddaje si\u0119 wy\u0142\u0105cznej jurysdykcji s\u0105d\u00f3w w tym stanie lub lokalizacji.<\/p>","protected":false},"excerpt":{"rendered":"<p>Termos de Uso do Geek Mobiles Ao acessar ao site Geek Mobiles, concorda em cumprir estes termos de servi\u00e7o, todas as leis e regulamentos aplic\u00e1veis e concorda que \u00e9 respons\u00e1vel pelo cumprimento de todas as leis locais aplic\u00e1veis. Se voc\u00ea n\u00e3o concordar com algum desses termos, est\u00e1 proibido de usar ou acessar este site. Os &#8230; <a title=\"Warunki korzystania\" class=\"read-more\" href=\"https:\/\/geekmobiles.com\/pl\/warunki-korzystania\/\" aria-label=\"Dowiedz si\u0119 wi\u0119cej o Termos de Uso\">Czytaj wi\u0119cej<\/a><\/p>","protected":false},"author":1,"featured_media":0,"parent":0,"menu_order":0,"comment_status":"closed","ping_status":"closed","template":"","meta":{"footnotes":""},"class_list":["post-46975","page","type-page","status-publish"],"_links":{"self":[{"href":"https:\/\/geekmobiles.com\/pl\/wp-json\/wp\/v2\/pages\/46975","targetHints":{"allow":["GET"]}}],"collection":[{"href":"https:\/\/geekmobiles.com\/pl\/wp-json\/wp\/v2\/pages"}],"about":[{"href":"https:\/\/geekmobiles.com\/pl\/wp-json\/wp\/v2\/types\/page"}],"author":[{"embeddable":true,"href":"https:\/\/geekmobiles.com\/pl\/wp-json\/wp\/v2\/users\/1"}],"replies":[{"embeddable":true,"href":"https:\/\/geekmobiles.com\/pl\/wp-json\/wp\/v2\/comments?post=46975"}],"version-history":[{"count":2,"href":"https:\/\/geekmobiles.com\/pl\/wp-json\/wp\/v2\/pages\/46975\/revisions"}],"predecessor-version":[{"id":47282,"href":"https:\/\/geekmobiles.com\/pl\/wp-json\/wp\/v2\/pages\/46975\/revisions\/47282"}],"wp:attachment":[{"href":"https:\/\/geekmobiles.com\/pl\/wp-json\/wp\/v2\/media?parent=46975"}],"curies":[{"name":"wp","href":"https:\/\/api.w.org\/{rel}","templated":true}]}}