{"id":46979,"date":"2024-06-28T16:01:36","date_gmt":"2024-06-28T16:01:36","guid":{"rendered":"https:\/\/geekmobiles.com\/?page_id=46979"},"modified":"2024-10-28T00:38:38","modified_gmt":"2024-10-28T00:38:38","slug":"kas-mes-esame","status":"publish","type":"page","link":"https:\/\/geekmobiles.com\/lt\/kas-mes-esame\/","title":{"rendered":"Kas mes esame"},"content":{"rendered":"<p>Geek Mobiles \u2013 2024 metais sukurta technologij\u0173 svetain\u0117, kurios tikslas \u2013 teikti informacij\u0105 ir patarimus programomis, finansais ir kitomis su skaitmeniniu pasauliu susijusiomis temomis. Manome, kad technologijos yra galingas \u012frankis, padedantis pakeisti gyvenim\u0105 ir versl\u0105, tod\u0117l norime pad\u0117ti savo skaitytojams gauti naujausi\u0105 informacij\u0105 ir i\u0161naudoti visas \u0161i\u0173 \u012franki\u0173 galimybes.<\/p>\n\n\n\n<p>\u010cia \u201eGeek Mobile\u201c rasite straipsni\u0173 ir vadov\u0117li\u0173, kuriuos para\u0161\u0117 technologij\u0173 ekspertai, taip pat produkt\u0173 ir paslaug\u0173 ap\u017evalgas ir ap\u017evalgas. Taip pat si\u016blome patarim\u0173 ir gudrybi\u0173, pad\u0117sian\u010di\u0173 i\u0161naudoti visas mobili\u0173j\u0173 \u012frengini\u0173 ir program\u0173 galimybes.<\/p>\n\n\n\n<p>Geek Mobile yra registruotasis \u012fmon\u0117s prek\u0117s \u017eenklas\u00a0<a href=\"http:\/\/spotads.me\/\">spotads.me<\/a>\u00a0ir j\u012f pri\u017ei\u016bri profesional\u0173 komanda, kuri aistringai domisi technologijomis.<\/p>\n\n\n\n<p>M\u016bs\u0173 komand\u0105 sudaro technologij\u0173 ekspertai, \u017eurnalistai ir ra\u0161ytojai, kurie yra \u012fsipareigoj\u0119 skaitytojams teikti auk\u0161tos kokyb\u0117s ir tiksl\u0173 turin\u012f. Tikime, kad technologijos yra galingas \u012frankis, padedantis pakeisti gyvenim\u0105 ir versl\u0105, o m\u016bs\u0173 tikslas \u2013 pad\u0117ti m\u016bs\u0173 skaitytojams gauti naujausi\u0105 informacij\u0105 ir i\u0161naudoti visas \u0161i\u0173 \u012franki\u0173 galimybes.<\/p>\n\n\n\n<p>Be turinio, mes taip pat si\u016blome savo skaitytojams galimyb\u0119 susisiekti su kitais technologij\u0173 entuziastais per m\u016bs\u0173 socialinius tinklus ir diskusij\u0173 forumus. Vertiname savo skaitytoj\u0173 nuomon\u0119 ir visada esame atviri pasi\u016blymams ir atsiliepimams, kaip pagerinti savo paslaugas.<\/p>\n\n\n\n<p>Sekite mus ir gaukite naujausias tendencijas ir naujienas technologij\u0173 pasaulyje. D\u0117kojame, kad apsilank\u0117te m\u016bs\u0173 svetain\u0117je ir tikim\u0117s, kad netrukus v\u0117l susitiksime!<\/p>","protected":false},"excerpt":{"rendered":"<p>O Geek Mobiles \u00e9 um site de tecnologia criado em 2024 com o objetivo de fornecer informa\u00e7\u00f5es e dicas sobre aplicativos, finan\u00e7as e outros assuntos relacionados ao mundo digital. N\u00f3s acreditamos que a tecnologia \u00e9 uma ferramenta poderosa para transformar vidas e empresas, e queremos ajudar nossos leitores a se manterem atualizados e aproveitar ao &#8230; <a title=\"Kas mes esame\" class=\"read-more\" href=\"https:\/\/geekmobiles.com\/lt\/kas-mes-esame\/\" aria-label=\"Skaitykite daugiau apie tai, kas mes esame\">Skaityti daugiau<\/a><\/p>","protected":false},"author":1,"featured_media":0,"parent":0,"menu_order":0,"comment_status":"closed","ping_status":"closed","template":"","meta":{"footnotes":""},"class_list":["post-46979","page","type-page","status-publish"],"_links":{"self":[{"href":"https:\/\/geekmobiles.com\/lt\/wp-json\/wp\/v2\/pages\/46979","targetHints":{"allow":["GET"]}}],"collection":[{"href":"https:\/\/geekmobiles.com\/lt\/wp-json\/wp\/v2\/pages"}],"about":[{"href":"https:\/\/geekmobiles.com\/lt\/wp-json\/wp\/v2\/types\/page"}],"author":[{"embeddable":true,"href":"https:\/\/geekmobiles.com\/lt\/wp-json\/wp\/v2\/users\/1"}],"replies":[{"embeddable":true,"href":"https:\/\/geekmobiles.com\/lt\/wp-json\/wp\/v2\/comments?post=46979"}],"version-history":[{"count":3,"href":"https:\/\/geekmobiles.com\/lt\/wp-json\/wp\/v2\/pages\/46979\/revisions"}],"predecessor-version":[{"id":47277,"href":"https:\/\/geekmobiles.com\/lt\/wp-json\/wp\/v2\/pages\/46979\/revisions\/47277"}],"wp:attachment":[{"href":"https:\/\/geekmobiles.com\/lt\/wp-json\/wp\/v2\/media?parent=46979"}],"curies":[{"name":"wp","href":"https:\/\/api.w.org\/{rel}","templated":true}]}}