{"id":46979,"date":"2024-06-28T16:01:36","date_gmt":"2024-06-28T16:01:36","guid":{"rendered":"https:\/\/geekmobiles.com\/?page_id=46979"},"modified":"2024-10-28T00:38:38","modified_gmt":"2024-10-28T00:38:38","slug":"chi-siamo","status":"publish","type":"page","link":"https:\/\/geekmobiles.com\/it\/chi-siamo\/","title":{"rendered":"Chi siamo"},"content":{"rendered":"<p>Geek Mobiles \u00e8 un sito web tecnologico creato nel 2024 con l&#039;obiettivo di fornire informazioni e suggerimenti su applicazioni, finanza e altri argomenti legati al mondo digitale. Crediamo che la tecnologia sia uno strumento potente per trasformare la vita e le imprese e vogliamo aiutare i nostri lettori a rimanere aggiornati e a sfruttare al meglio questi strumenti.<\/p>\n\n\n\n<p>Qui su Geek Mobile troverai articoli ed tutorial scritti da esperti di tecnologia, oltre a recensioni e recensioni di prodotti e servizi. Offriamo anche suggerimenti e trucchi per aiutarti a ottenere il massimo dai tuoi dispositivi mobili e dalle tue app.<\/p>\n\n\n\n<p>Geek Mobile \u00e8 un marchio registrato dell&#039;azienda\u00a0<a href=\"http:\/\/spotads.me\/\">spotads.me<\/a>\u00a0ed \u00e8 gestito da un team di professionisti appassionati di tecnologia.<\/p>\n\n\n\n<p>Il nostro team \u00e8 composto da esperti di tecnologia, giornalisti e scrittori, tutti impegnati a fornire ai nostri lettori contenuti accurati e di alta qualit\u00e0. Crediamo che la tecnologia sia un potente strumento per trasformare la vita e le imprese e il nostro obiettivo \u00e8 aiutare i nostri lettori a rimanere aggiornati e a sfruttare al meglio questi strumenti.<\/p>\n\n\n\n<p>Oltre ai contenuti, offriamo ai nostri lettori anche l&#039;opportunit\u00e0 di connettersi con altri appassionati di tecnologia attraverso i nostri social network e forum di discussione. Apprezziamo le opinioni dei nostri lettori e siamo sempre aperti a suggerimenti e feedback per migliorare i nostri servizi.<\/p>\n\n\n\n<p>Seguici e rimani aggiornato sulle ultime tendenze e novit\u00e0 nel mondo della tecnologia. Grazie per aver visitato il nostro sito web e speriamo di rivedervi presto!<\/p>","protected":false},"excerpt":{"rendered":"<p>O Geek Mobiles \u00e9 um site de tecnologia criado em 2024 com o objetivo de fornecer informa\u00e7\u00f5es e dicas sobre aplicativos, finan\u00e7as e outros assuntos relacionados ao mundo digital. N\u00f3s acreditamos que a tecnologia \u00e9 uma ferramenta poderosa para transformar vidas e empresas, e queremos ajudar nossos leitores a se manterem atualizados e aproveitar ao &#8230; <a title=\"Chi siamo\" class=\"read-more\" href=\"https:\/\/geekmobiles.com\/it\/chi-siamo\/\" aria-label=\"Per saperne di pi\u00f9 su Chi siamo\">Per saperne di pi\u00f9<\/a><\/p>","protected":false},"author":1,"featured_media":0,"parent":0,"menu_order":0,"comment_status":"closed","ping_status":"closed","template":"","meta":{"footnotes":""},"class_list":["post-46979","page","type-page","status-publish"],"_links":{"self":[{"href":"https:\/\/geekmobiles.com\/it\/wp-json\/wp\/v2\/pages\/46979","targetHints":{"allow":["GET"]}}],"collection":[{"href":"https:\/\/geekmobiles.com\/it\/wp-json\/wp\/v2\/pages"}],"about":[{"href":"https:\/\/geekmobiles.com\/it\/wp-json\/wp\/v2\/types\/page"}],"author":[{"embeddable":true,"href":"https:\/\/geekmobiles.com\/it\/wp-json\/wp\/v2\/users\/1"}],"replies":[{"embeddable":true,"href":"https:\/\/geekmobiles.com\/it\/wp-json\/wp\/v2\/comments?post=46979"}],"version-history":[{"count":3,"href":"https:\/\/geekmobiles.com\/it\/wp-json\/wp\/v2\/pages\/46979\/revisions"}],"predecessor-version":[{"id":47277,"href":"https:\/\/geekmobiles.com\/it\/wp-json\/wp\/v2\/pages\/46979\/revisions\/47277"}],"wp:attachment":[{"href":"https:\/\/geekmobiles.com\/it\/wp-json\/wp\/v2\/media?parent=46979"}],"curies":[{"name":"wp","href":"https:\/\/api.w.org\/{rel}","templated":true}]}}