{"id":46975,"date":"2024-06-28T15:59:34","date_gmt":"2024-06-28T15:59:34","guid":{"rendered":"https:\/\/geekmobiles.com\/?page_id=46975"},"modified":"2024-10-28T00:43:39","modified_gmt":"2024-10-28T00:43:39","slug":"termini-di-utilizzo","status":"publish","type":"page","link":"https:\/\/geekmobiles.com\/it\/termini-di-utilizzo\/","title":{"rendered":"Termini di utilizzo"},"content":{"rendered":"<h2 class=\"wp-block-heading\">Condizioni d&#039;uso di Geek Mobiles<\/h2>\n\n\n\n<p>Accedendo al sito Web Geek Mobiles, accetti di essere vincolato dai presenti termini di servizio, da tutte le leggi e i regolamenti applicabili e accetti di essere responsabile del rispetto di tutte le leggi locali applicabili. Se non sei d&#039;accordo con uno qualsiasi di questi termini, ti \u00e8 vietato utilizzare o accedere a questo sito. I materiali contenuti in questo sito sono protetti dalle leggi applicabili sul copyright e sui marchi.<\/p>\n\n\n\n<h2 class=\"wp-block-heading\">Utilizzo della licenza<\/h2>\n\n\n\n<p>\u00c8 concesso il permesso di scaricare temporaneamente una copia dei materiali (informazioni o software) sul sito Web di Geek Mobiles solo per la visualizzazione transitoria personale e non commerciale. Questa \u00e8 la concessione di una licenza, non un trasferimento di titolo, e con questa licenza non puoi:<\/p>\n\n\n\n<ul class=\"wp-block-list\">\n<li>modificare o copiare i materiali;<\/li>\n\n\n\n<li>utilizzare i materiali per qualsiasi scopo commerciale o per esposizione pubblica (commerciale o non commerciale);<\/li>\n\n\n\n<li>tentare di decompilare o decodificare qualsiasi software contenuto nel sito Web di Geek Mobiles;<\/li>\n\n\n\n<li>rimuovere qualsiasi copyright o altra notazione proprietaria dai materiali; O<\/li>\n\n\n\n<li>trasferire i materiali a un&#039;altra persona o eseguire il &quot;mirroring&quot; dei materiali su qualsiasi altro server. Questa licenza terminer\u00e0 automaticamente in caso di violazione di una qualsiasi di queste restrizioni e potrebbe essere terminata da Geek Mobiles in qualsiasi momento. Al termine della visualizzazione di questi materiali o al termine della presente licenza, \u00e8 necessario eliminare qualsiasi materiale scaricato in proprio possesso sia in formato elettronico che stampato.<\/li>\n<\/ul>\n\n\n\n<h2 class=\"wp-block-heading\">Disclaimer<\/h2>\n\n\n\n<p>I materiali sul sito Web di Geek Mobiles sono forniti &quot;cos\u00ec come sono&quot;. Geek Mobiles non fornisce alcuna garanzia, espressa o implicita, e con la presente declina e nega tutte le altre garanzie, incluse, senza limitazioni, garanzie implicite o condizioni di commerciabilit\u00e0, idoneit\u00e0 per uno scopo particolare o non violazione della propriet\u00e0 intellettuale o altra violazione dei diritti.<\/p>\n\n\n\n<p>Inoltre, Geek Mobiles non garantisce n\u00e9 rilascia alcuna dichiarazione riguardante l&#039;accuratezza, i probabili risultati o l&#039;affidabilit\u00e0 dell&#039;uso dei materiali sul proprio sito Web o altrimenti relativi a tali materiali o su eventuali siti collegati a questo sito.<\/p>\n\n\n\n<h2 class=\"wp-block-heading\">Limitazioni<\/h2>\n\n\n\n<p>In nessun caso Geek Mobiles o i suoi fornitori saranno responsabili per eventuali danni (inclusi, senza limitazione, danni per perdita di dati o profitti o dovuti a interruzione dell&#039;attivit\u00e0) derivanti dall&#039;uso o dall&#039;impossibilit\u00e0 di utilizzare i materiali sul sito Web di Geek Mobiles. , anche se Geek Mobiles o un rappresentante autorizzato di Geek Mobiles \u00e8 stato informato oralmente o per iscritto della possibilit\u00e0 di tali danni. Poich\u00e9 alcune giurisdizioni non consentono limitazioni sulle garanzie implicite o limitazioni di responsabilit\u00e0 per danni consequenziali o incidentali, tali limitazioni potrebbero non applicarsi all&#039;utente.<\/p>\n\n\n\n<h2 class=\"wp-block-heading\">Precisione dei materiali<\/h2>\n\n\n\n<p>I materiali visualizzati sul sito Web di Geek Mobiles potrebbero includere errori tecnici, tipografici o fotografici. Geek Mobiles non garantisce che i materiali presenti sul proprio sito Web siano accurati, completi o aggiornati. Geek Mobiles pu\u00f2 apportare modifiche ai materiali contenuti nel proprio sito Web in qualsiasi momento senza preavviso. Tuttavia Geek Mobiles non si impegna ad aggiornare i materiali.<\/p>\n\n\n\n<h2 class=\"wp-block-heading\">Collegamenti<\/h2>\n\n\n\n<p>Geek Mobiles non ha esaminato tutti i siti collegati al proprio sito Web e non \u00e8 responsabile per il contenuto di alcun sito collegato. L&#039;inclusione di qualsiasi collegamento non implica l&#039;approvazione del sito da parte di Geek Mobiles. L&#039;utilizzo di qualsiasi sito collegato \u00e8 a rischio e pericolo dell&#039;utente.<\/p>\n\n\n\n<h2 class=\"wp-block-heading\">Modifiche<\/h2>\n\n\n\n<p>Geek Mobiles pu\u00f2 modificare i presenti termini di servizio per il proprio sito Web in qualsiasi momento senza preavviso. Utilizzando questo sito Web, accetti di essere vincolato dalla versione corrente di questi termini di servizio.<\/p>\n\n\n\n<p>Legge applicabile I presenti termini e condizioni sono regolati e interpretati in conformit\u00e0 con le leggi di Geek Mobiles e l&#039;utente si sottopone irrevocabilmente alla giurisdizione esclusiva dei tribunali di tale Stato o luogo.<\/p>\n\n\n\n<h2 class=\"wp-block-heading\" id=\"lei-aplicavel\">Legge applicabile<\/h2>\n\n\n\n<p>I presenti termini e condizioni sono regolati e interpretati in conformit\u00e0 con le leggi di Geek Mobiles e l&#039;utente si sottopone irrevocabilmente alla giurisdizione esclusiva dei tribunali di tale Stato o luogo.<\/p>","protected":false},"excerpt":{"rendered":"<p>Termini di utilizzo di Geek Mobiles Accedendo al sito web di Geek Mobiles, l&#039;utente accetta di rispettare i presenti termini di servizio, tutte le leggi e i regolamenti applicabili e accetta di essere responsabile del rispetto di tutte le leggi locali applicabili. Se non si accetta uno qualsiasi di questi termini, \u00e8 vietato utilizzare o accedere a questo sito. <a title=\"Termini di utilizzo\" class=\"read-more\" href=\"https:\/\/geekmobiles.com\/it\/termini-di-utilizzo\/\" aria-label=\"Si prega di prendere nota delle Condizioni d&#039;uso\">Per saperne di pi\u00f9<\/a><\/p>","protected":false},"author":1,"featured_media":0,"parent":0,"menu_order":0,"comment_status":"closed","ping_status":"closed","template":"","meta":{"footnotes":""},"class_list":["post-46975","page","type-page","status-publish"],"_links":{"self":[{"href":"https:\/\/geekmobiles.com\/it\/wp-json\/wp\/v2\/pages\/46975","targetHints":{"allow":["GET"]}}],"collection":[{"href":"https:\/\/geekmobiles.com\/it\/wp-json\/wp\/v2\/pages"}],"about":[{"href":"https:\/\/geekmobiles.com\/it\/wp-json\/wp\/v2\/types\/page"}],"author":[{"embeddable":true,"href":"https:\/\/geekmobiles.com\/it\/wp-json\/wp\/v2\/users\/1"}],"replies":[{"embeddable":true,"href":"https:\/\/geekmobiles.com\/it\/wp-json\/wp\/v2\/comments?post=46975"}],"version-history":[{"count":2,"href":"https:\/\/geekmobiles.com\/it\/wp-json\/wp\/v2\/pages\/46975\/revisions"}],"predecessor-version":[{"id":47282,"href":"https:\/\/geekmobiles.com\/it\/wp-json\/wp\/v2\/pages\/46975\/revisions\/47282"}],"wp:attachment":[{"href":"https:\/\/geekmobiles.com\/it\/wp-json\/wp\/v2\/media?parent=46975"}],"curies":[{"name":"wp","href":"https:\/\/api.w.org\/{rel}","templated":true}]}}