{"id":46977,"date":"2024-06-28T16:00:45","date_gmt":"2024-06-28T16:00:45","guid":{"rendered":"https:\/\/geekmobiles.com\/?page_id=46977"},"modified":"2024-10-28T00:38:57","modified_gmt":"2024-10-28T00:38:57","slug":"kapcsolatba-lepni","status":"publish","type":"page","link":"https:\/\/geekmobiles.com\/hu\/kapcsolatba-lepni\/","title":{"rendered":"Kapcsolatba l\u00e9pni"},"content":{"rendered":"<p>B\u00e1rmilyen, a blogunkkal kapcsolatos k\u00e9rd\u00e9ssel kapcsolatban forduljon hozz\u00e1nk e-mailben <strong>contato@geekmobiles.com<\/strong> 24 \u00f3r\u00e1n bel\u00fcl visszakeres\u00fcnk.<\/p>","protected":false},"excerpt":{"rendered":"<p>Blogunkkal kapcsolatos b\u00e1rmilyen k\u00e9rd\u00e9ssel k\u00e9rj\u00fck, vegye fel vel\u00fcnk a kapcsolatot a contato@geekmobiles.com e-mail c\u00edmen, \u00e9s 24 \u00f3r\u00e1n bel\u00fcl v\u00e1laszolunk.<\/p>","protected":false},"author":1,"featured_media":0,"parent":0,"menu_order":0,"comment_status":"closed","ping_status":"closed","template":"","meta":{"footnotes":""},"class_list":["post-46977","page","type-page","status-publish"],"_links":{"self":[{"href":"https:\/\/geekmobiles.com\/hu\/wp-json\/wp\/v2\/pages\/46977","targetHints":{"allow":["GET"]}}],"collection":[{"href":"https:\/\/geekmobiles.com\/hu\/wp-json\/wp\/v2\/pages"}],"about":[{"href":"https:\/\/geekmobiles.com\/hu\/wp-json\/wp\/v2\/types\/page"}],"author":[{"embeddable":true,"href":"https:\/\/geekmobiles.com\/hu\/wp-json\/wp\/v2\/users\/1"}],"replies":[{"embeddable":true,"href":"https:\/\/geekmobiles.com\/hu\/wp-json\/wp\/v2\/comments?post=46977"}],"version-history":[{"count":2,"href":"https:\/\/geekmobiles.com\/hu\/wp-json\/wp\/v2\/pages\/46977\/revisions"}],"predecessor-version":[{"id":47278,"href":"https:\/\/geekmobiles.com\/hu\/wp-json\/wp\/v2\/pages\/46977\/revisions\/47278"}],"wp:attachment":[{"href":"https:\/\/geekmobiles.com\/hu\/wp-json\/wp\/v2\/media?parent=46977"}],"curies":[{"name":"munkaf\u00fczet","href":"https:\/\/api.w.org\/{rel}","templated":true}]}}