{"id":46979,"date":"2024-06-28T16:01:36","date_gmt":"2024-06-28T16:01:36","guid":{"rendered":"https:\/\/geekmobiles.com\/?page_id=46979"},"modified":"2024-10-28T00:38:38","modified_gmt":"2024-10-28T00:38:38","slug":"tko-smo-mi","status":"publish","type":"page","link":"https:\/\/geekmobiles.com\/hr\/tko-smo-mi\/","title":{"rendered":"Tko smo mi"},"content":{"rendered":"<p>Geek Mobiles tehnolo\u0161ka je web stranica stvorena 2024. godine s ciljem pru\u017eanja informacija i savjeta o aplikacijama, financijama i drugim temama vezanim uz digitalni svijet. Vjerujemo da je tehnologija mo\u0107an alat za preobrazbu \u017eivota i poslovanja i \u017eelimo pomo\u0107i na\u0161im \u010ditateljima da ostanu u tijeku i maksimalno iskoriste ove alate.<\/p>\n\n\n\n<p>Ovdje na Geek Mobileu prona\u0107i \u0107ete \u010dlanke i upute koje su napisali tehnolo\u0161ki stru\u010dnjaci, kao i recenzije i recenzije proizvoda i usluga. Nudimo i savjete i trikove koji \u0107e vam pomo\u0107i da najbolje iskoristite svoje mobilne ure\u0111aje i aplikacije.<\/p>\n\n\n\n<p>Geek Mobile je registrirani za\u0161titni znak tvrtke\u00a0<a href=\"http:\/\/spotads.me\/\">mrlje.mene<\/a>\u00a0a odr\u017eava ga tim profesionalaca koji su strastveni u tehnologiji.\u201d<\/p>\n\n\n\n<p>Na\u0161 tim sastoji se od tehnolo\u0161kih stru\u010dnjaka, novinara i pisaca, koji su svi predani pru\u017eanju visokokvalitetnog i to\u010dnog sadr\u017eaja na\u0161im \u010ditateljima. Vjerujemo da je tehnologija mo\u0107an alat za preobrazbu \u017eivota i poslovanja i na\u0161 je cilj pomo\u0107i na\u0161im \u010ditateljima da ostanu u tijeku i maksimalno iskoriste te alate.<\/p>\n\n\n\n<p>Osim sadr\u017eaja, na\u0161im \u010ditateljima nudimo i mogu\u0107nost povezivanja s drugim tehnolo\u0161kim entuzijastima putem na\u0161ih dru\u0161tvenih mre\u017ea i foruma za rasprave. Cijenimo mi\u0161ljenja na\u0161ih \u010ditatelja i uvijek smo otvoreni za prijedloge i povratne informacije za pobolj\u0161anje na\u0161ih usluga.<\/p>\n\n\n\n<p>Pratite nas i budite u toku s najnovijim trendovima i novostima u svijetu tehnologije. Zahvaljujemo \u0161to ste posjetili na\u0161u web stranicu i nadamo se da se uskoro ponovno vidimo!<\/p>","protected":false},"excerpt":{"rendered":"<p>O Geek Mobiles \u00e9 um site de tecnologia criado em 2024 com o objetivo de fornecer informa\u00e7\u00f5es e dicas sobre aplicativos, finan\u00e7as e outros assuntos relacionados ao mundo digital. N\u00f3s acreditamos que a tecnologia \u00e9 uma ferramenta poderosa para transformar vidas e empresas, e queremos ajudar nossos leitores a se manterem atualizados e aproveitar ao &#8230; <a title=\"Tko smo mi\" class=\"read-more\" href=\"https:\/\/geekmobiles.com\/hr\/tko-smo-mi\/\" aria-label=\"Pro\u010ditajte vi\u0161e o tome Tko smo mi\">\u010citaj vi\u0161e<\/a><\/p>","protected":false},"author":1,"featured_media":0,"parent":0,"menu_order":0,"comment_status":"closed","ping_status":"closed","template":"","meta":{"footnotes":""},"class_list":["post-46979","page","type-page","status-publish"],"_links":{"self":[{"href":"https:\/\/geekmobiles.com\/hr\/wp-json\/wp\/v2\/pages\/46979","targetHints":{"allow":["GET"]}}],"collection":[{"href":"https:\/\/geekmobiles.com\/hr\/wp-json\/wp\/v2\/pages"}],"about":[{"href":"https:\/\/geekmobiles.com\/hr\/wp-json\/wp\/v2\/types\/page"}],"author":[{"embeddable":true,"href":"https:\/\/geekmobiles.com\/hr\/wp-json\/wp\/v2\/users\/1"}],"replies":[{"embeddable":true,"href":"https:\/\/geekmobiles.com\/hr\/wp-json\/wp\/v2\/comments?post=46979"}],"version-history":[{"count":3,"href":"https:\/\/geekmobiles.com\/hr\/wp-json\/wp\/v2\/pages\/46979\/revisions"}],"predecessor-version":[{"id":47277,"href":"https:\/\/geekmobiles.com\/hr\/wp-json\/wp\/v2\/pages\/46979\/revisions\/47277"}],"wp:attachment":[{"href":"https:\/\/geekmobiles.com\/hr\/wp-json\/wp\/v2\/media?parent=46979"}],"curies":[{"name":"wp","href":"https:\/\/api.w.org\/{rel}","templated":true}]}}