{"id":46979,"date":"2024-06-28T16:01:36","date_gmt":"2024-06-28T16:01:36","guid":{"rendered":"https:\/\/geekmobiles.com\/?page_id=46979"},"modified":"2024-10-28T00:38:38","modified_gmt":"2024-10-28T00:38:38","slug":"qui-nous-sommes","status":"publish","type":"page","link":"https:\/\/geekmobiles.com\/fr_be\/qui-nous-sommes\/","title":{"rendered":"Qui nous sommes"},"content":{"rendered":"<p>Geek Mobiles est un site technologique cr\u00e9\u00e9 en 2024 dans le but de fournir des informations et des conseils sur les applications, la finance et d&#039;autres sujets li\u00e9s au monde num\u00e9rique. Nous pensons que la technologie est un outil puissant pour transformer la vie et les entreprises, et nous souhaitons aider nos lecteurs \u00e0 rester inform\u00e9s et \u00e0 tirer le meilleur parti de ces outils.<\/p>\n\n\n\n<p>Ici, sur Geek Mobile, vous trouverez des articles et des tutoriels r\u00e9dig\u00e9s par des experts en technologie, ainsi que des critiques et des critiques de produits et services. Nous proposons \u00e9galement des conseils et astuces pour vous aider \u00e0 tirer le meilleur parti de vos appareils et applications mobiles.<\/p>\n\n\n\n<p>Geek Mobile est une marque d\u00e9pos\u00e9e de la soci\u00e9t\u00e9\u00a0<a href=\"http:\/\/spotads.me\/\">spotads.me<\/a>\u00a0et est entretenu par une \u00e9quipe de professionnels passionn\u00e9s par la technologie.<\/p>\n\n\n\n<p>Notre \u00e9quipe est compos\u00e9e d&#039;experts en technologie, de journalistes et d&#039;\u00e9crivains, tous d\u00e9termin\u00e9s \u00e0 fournir un contenu pr\u00e9cis et de haute qualit\u00e9 \u00e0 nos lecteurs. Nous pensons que la technologie est un outil puissant pour transformer la vie et les entreprises et notre objectif est d&#039;aider nos lecteurs \u00e0 rester inform\u00e9s et \u00e0 tirer le meilleur parti de ces outils.<\/p>\n\n\n\n<p>En plus du contenu, nous offrons \u00e9galement \u00e0 nos lecteurs la possibilit\u00e9 de se connecter avec d&#039;autres passionn\u00e9s de technologie via nos r\u00e9seaux sociaux et nos forums de discussion. Nous appr\u00e9cions l&#039;opinion de nos lecteurs et sommes toujours ouverts aux suggestions et aux commentaires pour am\u00e9liorer nos services.<\/p>\n\n\n\n<p>Suivez-nous et restez au courant des derni\u00e8res tendances et actualit\u00e9s du monde de la technologie. Merci d&#039;avoir visit\u00e9 notre site Web et nous esp\u00e9rons vous revoir bient\u00f4t!<\/p>","protected":false},"excerpt":{"rendered":"<p>Geek Mobiles est un site web technologique cr\u00e9\u00e9 en 2024 dont l&#039;objectif est de fournir des informations et des conseils sur les applications, la finance et d&#039;autres sujets li\u00e9s au monde num\u00e9rique. Nous sommes convaincus que la technologie est un outil puissant pour transformer les vies et les entreprises, et nous souhaitons aider nos lecteurs \u00e0 rester inform\u00e9s et \u00e0 en tirer le meilleur parti. <a title=\"Qui nous sommes\" class=\"read-more\" href=\"https:\/\/geekmobiles.com\/fr_be\/qui-nous-sommes\/\" aria-label=\"En savoir plus sur Qui nous sommes\">En savoir plus<\/a><\/p>","protected":false},"author":1,"featured_media":0,"parent":0,"menu_order":0,"comment_status":"closed","ping_status":"closed","template":"","meta":{"footnotes":""},"class_list":["post-46979","page","type-page","status-publish"],"_links":{"self":[{"href":"https:\/\/geekmobiles.com\/fr_be\/wp-json\/wp\/v2\/pages\/46979","targetHints":{"allow":["GET"]}}],"collection":[{"href":"https:\/\/geekmobiles.com\/fr_be\/wp-json\/wp\/v2\/pages"}],"about":[{"href":"https:\/\/geekmobiles.com\/fr_be\/wp-json\/wp\/v2\/types\/page"}],"author":[{"embeddable":true,"href":"https:\/\/geekmobiles.com\/fr_be\/wp-json\/wp\/v2\/users\/1"}],"replies":[{"embeddable":true,"href":"https:\/\/geekmobiles.com\/fr_be\/wp-json\/wp\/v2\/comments?post=46979"}],"version-history":[{"count":3,"href":"https:\/\/geekmobiles.com\/fr_be\/wp-json\/wp\/v2\/pages\/46979\/revisions"}],"predecessor-version":[{"id":47277,"href":"https:\/\/geekmobiles.com\/fr_be\/wp-json\/wp\/v2\/pages\/46979\/revisions\/47277"}],"wp:attachment":[{"href":"https:\/\/geekmobiles.com\/fr_be\/wp-json\/wp\/v2\/media?parent=46979"}],"curies":[{"name":"wp","href":"https:\/\/api.w.org\/{rel}","templated":true}]}}