{"id":46979,"date":"2024-06-28T16:01:36","date_gmt":"2024-06-28T16:01:36","guid":{"rendered":"https:\/\/geekmobiles.com\/?page_id=46979"},"modified":"2024-10-28T00:38:38","modified_gmt":"2024-10-28T00:38:38","slug":"quienes-somos","status":"publish","type":"page","link":"https:\/\/geekmobiles.com\/es_ar\/quienes-somos\/","title":{"rendered":"Quienes somos"},"content":{"rendered":"<p>Geek Mobiles es un sitio web de tecnolog\u00eda creado en 2024 con el objetivo de brindar informaci\u00f3n y consejos sobre aplicaciones, finanzas y otros temas relacionados con el mundo digital. Creemos que la tecnolog\u00eda es una herramienta poderosa para transformar vidas y negocios, y queremos ayudar a nuestros lectores a mantenerse actualizados y aprovechar al m\u00e1ximo estas herramientas.<\/p>\n\n\n\n<p>Aqu\u00ed en Geek Mobile encontrar\u00e1 art\u00edculos y tutoriales escritos por expertos en tecnolog\u00eda, as\u00ed como rese\u00f1as y rese\u00f1as de productos y servicios. Tambi\u00e9n ofrecemos consejos y trucos para ayudarle a aprovechar al m\u00e1ximo sus dispositivos y aplicaciones m\u00f3viles.<\/p>\n\n\n\n<p>Geek Mobile es una marca registrada de la empresa.\u00a0<a href=\"http:\/\/spotads.me\/\">spotads.me<\/a>\u00a0y est\u00e1 mantenido por un equipo de profesionales apasionados por la tecnolog\u00eda\u201d.<\/p>\n\n\n\n<p>Nuestro equipo est\u00e1 formado por expertos en tecnolog\u00eda, periodistas y escritores, todos comprometidos a brindar contenido preciso y de alta calidad a nuestros lectores. Creemos que la tecnolog\u00eda es una herramienta poderosa para transformar vidas y negocios y nuestro objetivo es ayudar a nuestros lectores a mantenerse actualizados y aprovechar al m\u00e1ximo estas herramientas.<\/p>\n\n\n\n<p>Adem\u00e1s del contenido, tambi\u00e9n ofrecemos a nuestros lectores la oportunidad de conectarse con otros entusiastas de la tecnolog\u00eda a trav\u00e9s de nuestras redes sociales y foros de discusi\u00f3n. Valoramos la opini\u00f3n de nuestros lectores y siempre estamos abiertos a sugerencias y comentarios para mejorar nuestros servicios.<\/p>\n\n\n\n<p>S\u00edguenos y mantente al d\u00eda de las \u00faltimas tendencias y novedades del mundo de la tecnolog\u00eda. \u00a1Gracias por visitar nuestro sitio web y esperamos volver a verte pronto!<\/p>","protected":false},"excerpt":{"rendered":"<p>Geek Mobiles es un sitio web de tecnolog\u00eda creado en 2024 con el objetivo de ofrecer informaci\u00f3n y consejos sobre apps, finanzas y otros temas relacionados con el mundo digital. Creemos que la tecnolog\u00eda es una herramienta poderosa para transformar vidas y negocios, y queremos ayudar a nuestros lectores a mantenerse al d\u00eda y sacarle el m\u00e1ximo provecho. <a title=\"Quienes somos\" class=\"read-more\" href=\"https:\/\/geekmobiles.com\/es_ar\/quienes-somos\/\" aria-label=\"Leer m\u00e1s sobre Qui\u00e9nes somos\">Lea mas<\/a><\/p>","protected":false},"author":1,"featured_media":0,"parent":0,"menu_order":0,"comment_status":"closed","ping_status":"closed","template":"","meta":{"footnotes":""},"class_list":["post-46979","page","type-page","status-publish"],"_links":{"self":[{"href":"https:\/\/geekmobiles.com\/es_ar\/wp-json\/wp\/v2\/pages\/46979","targetHints":{"allow":["GET"]}}],"collection":[{"href":"https:\/\/geekmobiles.com\/es_ar\/wp-json\/wp\/v2\/pages"}],"about":[{"href":"https:\/\/geekmobiles.com\/es_ar\/wp-json\/wp\/v2\/types\/page"}],"author":[{"embeddable":true,"href":"https:\/\/geekmobiles.com\/es_ar\/wp-json\/wp\/v2\/users\/1"}],"replies":[{"embeddable":true,"href":"https:\/\/geekmobiles.com\/es_ar\/wp-json\/wp\/v2\/comments?post=46979"}],"version-history":[{"count":3,"href":"https:\/\/geekmobiles.com\/es_ar\/wp-json\/wp\/v2\/pages\/46979\/revisions"}],"predecessor-version":[{"id":47277,"href":"https:\/\/geekmobiles.com\/es_ar\/wp-json\/wp\/v2\/pages\/46979\/revisions\/47277"}],"wp:attachment":[{"href":"https:\/\/geekmobiles.com\/es_ar\/wp-json\/wp\/v2\/media?parent=46979"}],"curies":[{"name":"gracias","href":"https:\/\/api.w.org\/{rel}","templated":true}]}}