{"id":46979,"date":"2024-06-28T16:01:36","date_gmt":"2024-06-28T16:01:36","guid":{"rendered":"https:\/\/geekmobiles.com\/?page_id=46979"},"modified":"2024-10-28T00:38:38","modified_gmt":"2024-10-28T00:38:38","slug":"wer-wir-sind","status":"publish","type":"page","link":"https:\/\/geekmobiles.com\/de\/wer-wir-sind\/","title":{"rendered":"Wer wir sind"},"content":{"rendered":"<p>Geek Mobiles ist eine 2024 gegr\u00fcndete Technologie-Website mit dem Ziel, Informationen und Tipps zu Anwendungen, Finanzen und anderen Themen rund um die digitale Welt bereitzustellen. Wir glauben, dass Technologie ein leistungsstarkes Werkzeug zur Ver\u00e4nderung von Leben und Unternehmen ist, und wir m\u00f6chten unseren Lesern helfen, auf dem Laufenden zu bleiben und das Beste aus diesen Werkzeugen herauszuholen.<\/p>\n\n\n\n<p>Hier bei Geek Mobile finden Sie von Technologieexperten verfasste Artikel und Tutorials sowie Rezensionen und Rezensionen zu Produkten und Dienstleistungen. Au\u00dferdem bieten wir Tipps und Tricks, die Ihnen helfen, das Beste aus Ihren Mobilger\u00e4ten und Apps herauszuholen.<\/p>\n\n\n\n<p>Geek Mobile ist eine eingetragene Marke des Unternehmens\u00a0<a href=\"http:\/\/spotads.me\/\">spotads.me<\/a>\u00a0und wird von einem Team von Fachleuten betreut, die sich f\u00fcr Technologie begeistern.\u201c<\/p>\n\n\n\n<p>Unser Team besteht aus Technologieexperten, Journalisten und Autoren, die sich alle daf\u00fcr einsetzen, unseren Lesern qualitativ hochwertige und pr\u00e4zise Inhalte bereitzustellen. Wir glauben, dass Technologie ein leistungsstarkes Werkzeug zur Ver\u00e4nderung von Leben und Unternehmen ist, und unser Ziel ist es, unseren Lesern zu helfen, auf dem Laufenden zu bleiben und das Beste aus diesen Werkzeugen herauszuholen.<\/p>\n\n\n\n<p>Neben Inhalten bieten wir unseren Lesern auch die M\u00f6glichkeit, sich \u00fcber unsere sozialen Netzwerke und Diskussionsforen mit anderen Technikbegeisterten zu vernetzen. Wir legen Wert auf die Meinung unserer Leser und sind jederzeit offen f\u00fcr Vorschl\u00e4ge und Feedback zur Verbesserung unserer Dienstleistungen.<\/p>\n\n\n\n<p>Folgen Sie uns und bleiben Sie \u00fcber die neuesten Trends und Neuigkeiten aus der Welt der Technologie auf dem Laufenden. Vielen Dank f\u00fcr Ihren Besuch auf unserer Website und wir hoffen, Sie bald wieder zu sehen!<\/p>","protected":false},"excerpt":{"rendered":"<p>Geek Mobiles ist eine Technologie-Website, die 2024 mit dem Ziel gegr\u00fcndet wurde, Informationen und Tipps zu Apps, Finanzen und anderen Themen der digitalen Welt bereitzustellen. Wir glauben, dass Technologie ein m\u00e4chtiges Werkzeug ist, um Leben und Unternehmen zu ver\u00e4ndern, und wir m\u00f6chten unseren Lesern helfen, auf dem Laufenden zu bleiben und das Beste daraus zu machen. <a title=\"Wer wir sind\" class=\"read-more\" href=\"https:\/\/geekmobiles.com\/de\/wer-wir-sind\/\" aria-label=\"Mehr Informationen \u00fcber Wer wir sind\">mehr lesen<\/a><\/p>","protected":false},"author":1,"featured_media":0,"parent":0,"menu_order":0,"comment_status":"closed","ping_status":"closed","template":"","meta":{"footnotes":""},"class_list":["post-46979","page","type-page","status-publish"],"_links":{"self":[{"href":"https:\/\/geekmobiles.com\/de\/wp-json\/wp\/v2\/pages\/46979","targetHints":{"allow":["GET"]}}],"collection":[{"href":"https:\/\/geekmobiles.com\/de\/wp-json\/wp\/v2\/pages"}],"about":[{"href":"https:\/\/geekmobiles.com\/de\/wp-json\/wp\/v2\/types\/page"}],"author":[{"embeddable":true,"href":"https:\/\/geekmobiles.com\/de\/wp-json\/wp\/v2\/users\/1"}],"replies":[{"embeddable":true,"href":"https:\/\/geekmobiles.com\/de\/wp-json\/wp\/v2\/comments?post=46979"}],"version-history":[{"count":3,"href":"https:\/\/geekmobiles.com\/de\/wp-json\/wp\/v2\/pages\/46979\/revisions"}],"predecessor-version":[{"id":47277,"href":"https:\/\/geekmobiles.com\/de\/wp-json\/wp\/v2\/pages\/46979\/revisions\/47277"}],"wp:attachment":[{"href":"https:\/\/geekmobiles.com\/de\/wp-json\/wp\/v2\/media?parent=46979"}],"curies":[{"name":"wp","href":"https:\/\/api.w.org\/{rel}","templated":true}]}}