{"id":46979,"date":"2024-06-28T16:01:36","date_gmt":"2024-06-28T16:01:36","guid":{"rendered":"https:\/\/geekmobiles.com\/?page_id=46979"},"modified":"2024-10-28T00:38:38","modified_gmt":"2024-10-28T00:38:38","slug":"kdo-jsme","status":"publish","type":"page","link":"https:\/\/geekmobiles.com\/cs\/kdo-jsme\/","title":{"rendered":"Kdo jsme"},"content":{"rendered":"<p>Geek Mobiles je technologick\u00fd web vytvo\u0159en\u00fd v roce 2024 s c\u00edlem poskytovat informace a tipy ohledn\u011b aplikac\u00ed, financ\u00ed a dal\u0161\u00edch t\u00e9mat souvisej\u00edc\u00edch s digit\u00e1ln\u00edm sv\u011btem. V\u011b\u0159\u00edme, \u017ee technologie jsou mocn\u00fdm n\u00e1strojem pro transformaci \u017eivot\u016f a podnik\u016f, a chceme na\u0161im \u010dten\u00e1\u0159\u016fm pomoci z\u016fstat v obraze a vyu\u017e\u00edt tyto n\u00e1stroje na maximum.<\/p>\n\n\n\n<p>Zde na Geek Mobile najdete \u010dl\u00e1nky a n\u00e1vody napsan\u00e9 odborn\u00edky na technologie, stejn\u011b jako recenze a recenze produkt\u016f a slu\u017eeb. Nab\u00edz\u00edme tak\u00e9 tipy a triky, kter\u00e9 v\u00e1m pomohou co nejl\u00e9pe vyu\u017e\u00edt va\u0161e mobiln\u00ed za\u0159\u00edzen\u00ed a aplikace.<\/p>\n\n\n\n<p>Geek Mobile je registrovan\u00e1 ochrann\u00e1 zn\u00e1mka spole\u010dnosti\u00a0<a href=\"http:\/\/spotads.me\/\">spotads.me<\/a>\u00a0a je udr\u017eov\u00e1n t\u00fdmem profesion\u00e1l\u016f, kte\u0159\u00ed jsou nad\u0161en\u00ed pro technologie.\u201c<\/p>\n\n\n\n<p>N\u00e1\u0161 t\u00fdm tvo\u0159\u00ed odborn\u00edci na technologie, novin\u00e1\u0159i a spisovatel\u00e9, v\u0161ichni se zav\u00e1zali poskytovat na\u0161im \u010dten\u00e1\u0159\u016fm vysoce kvalitn\u00ed a p\u0159esn\u00fd obsah. V\u011b\u0159\u00edme, \u017ee technologie jsou mocn\u00fdm n\u00e1strojem pro transformaci \u017eivot\u016f a podnik\u016f, a na\u0161\u00edm c\u00edlem je pomoci na\u0161im \u010dten\u00e1\u0159\u016fm z\u016fstat v obraze a vyu\u017e\u00edvat tyto n\u00e1stroje na maximum.<\/p>\n\n\n\n<p>Krom\u011b obsahu nab\u00edz\u00edme na\u0161im \u010dten\u00e1\u0159\u016fm tak\u00e9 mo\u017enost spojit se s dal\u0161\u00edmi technologick\u00fdmi nad\u0161enci prost\u0159ednictv\u00edm na\u0161ich soci\u00e1ln\u00edch s\u00edt\u00ed a diskusn\u00edch f\u00f3r. V\u00e1\u017e\u00edme si n\u00e1zor\u016f na\u0161ich \u010dten\u00e1\u0159\u016f a jsme v\u017edy otev\u0159eni n\u00e1vrh\u016fm a zp\u011btn\u00e9 vazb\u011b na zlep\u0161en\u00ed na\u0161ich slu\u017eeb.<\/p>\n\n\n\n<p>Sledujte n\u00e1s a bu\u010fte informov\u00e1ni o nejnov\u011bj\u0161\u00edch trendech a novink\u00e1ch ve sv\u011bt\u011b technologi\u00ed. D\u011bkujeme za n\u00e1v\u0161t\u011bvu na\u0161eho webu a douf\u00e1me, \u017ee se brzy zase uvid\u00edme!<\/p>","protected":false},"excerpt":{"rendered":"<p>Geek Mobiles je technologick\u00fd web vytvo\u0159en\u00fd v roce 2024 s c\u00edlem poskytovat informace a tipy o aplikac\u00edch, financ\u00edch a dal\u0161\u00edch t\u00e9matech souvisej\u00edc\u00edch s digit\u00e1ln\u00edm sv\u011btem. V\u011b\u0159\u00edme, \u017ee technologie jsou mocn\u00fdm n\u00e1strojem pro transformaci \u017eivot\u016f a podnik\u00e1n\u00ed, a chceme na\u0161im \u010dten\u00e1\u0159\u016fm pomoci z\u016fstat v obraze a vyu\u017e\u00edvat jejich v\u00fdhod\u2026 <a title=\"Kdo jsme\" class=\"read-more\" href=\"https:\/\/geekmobiles.com\/cs\/kdo-jsme\/\" aria-label=\"Kdo jsme\">P\u0159e\u010dt\u011bte si v\u00edce<\/a><\/p>","protected":false},"author":1,"featured_media":0,"parent":0,"menu_order":0,"comment_status":"closed","ping_status":"closed","template":"","meta":{"footnotes":""},"class_list":["post-46979","page","type-page","status-publish"],"_links":{"self":[{"href":"https:\/\/geekmobiles.com\/cs\/wp-json\/wp\/v2\/pages\/46979","targetHints":{"allow":["GET"]}}],"collection":[{"href":"https:\/\/geekmobiles.com\/cs\/wp-json\/wp\/v2\/pages"}],"about":[{"href":"https:\/\/geekmobiles.com\/cs\/wp-json\/wp\/v2\/types\/page"}],"author":[{"embeddable":true,"href":"https:\/\/geekmobiles.com\/cs\/wp-json\/wp\/v2\/users\/1"}],"replies":[{"embeddable":true,"href":"https:\/\/geekmobiles.com\/cs\/wp-json\/wp\/v2\/comments?post=46979"}],"version-history":[{"count":3,"href":"https:\/\/geekmobiles.com\/cs\/wp-json\/wp\/v2\/pages\/46979\/revisions"}],"predecessor-version":[{"id":47277,"href":"https:\/\/geekmobiles.com\/cs\/wp-json\/wp\/v2\/pages\/46979\/revisions\/47277"}],"wp:attachment":[{"href":"https:\/\/geekmobiles.com\/cs\/wp-json\/wp\/v2\/media?parent=46979"}],"curies":[{"name":"wp","href":"https:\/\/api.w.org\/{rel}","templated":true}]}}