{"id":46977,"date":"2024-06-28T16:00:45","date_gmt":"2024-06-28T16:00:45","guid":{"rendered":"https:\/\/geekmobiles.com\/?page_id=46977"},"modified":"2024-10-28T00:38:57","modified_gmt":"2024-10-28T00:38:57","slug":"kontakt","status":"publish","type":"page","link":"https:\/\/geekmobiles.com\/cs\/kontakt\/","title":{"rendered":"Kontakt"},"content":{"rendered":"<p>V p\u0159\u00edpad\u011b jak\u00fdchkoli z\u00e1le\u017eitost\u00ed souvisej\u00edc\u00edch s na\u0161\u00edm blogem n\u00e1s pros\u00edm kontaktujte prost\u0159ednictv\u00edm e-mailu <strong>contato@geekmobiles.com<\/strong> Ozveme se v\u00e1m zp\u011bt do 24 hodin.<\/p>","protected":false},"excerpt":{"rendered":"<p>V p\u0159\u00edpad\u011b jak\u00fdchkoli z\u00e1le\u017eitost\u00ed t\u00fdkaj\u00edc\u00edch se na\u0161eho blogu n\u00e1s pros\u00edm kontaktujte e-mailem na adrese contato@geekmobiles.com a my se v\u00e1m do 24 hodin ozveme.<\/p>","protected":false},"author":1,"featured_media":0,"parent":0,"menu_order":0,"comment_status":"closed","ping_status":"closed","template":"","meta":{"footnotes":""},"class_list":["post-46977","page","type-page","status-publish"],"_links":{"self":[{"href":"https:\/\/geekmobiles.com\/cs\/wp-json\/wp\/v2\/pages\/46977","targetHints":{"allow":["GET"]}}],"collection":[{"href":"https:\/\/geekmobiles.com\/cs\/wp-json\/wp\/v2\/pages"}],"about":[{"href":"https:\/\/geekmobiles.com\/cs\/wp-json\/wp\/v2\/types\/page"}],"author":[{"embeddable":true,"href":"https:\/\/geekmobiles.com\/cs\/wp-json\/wp\/v2\/users\/1"}],"replies":[{"embeddable":true,"href":"https:\/\/geekmobiles.com\/cs\/wp-json\/wp\/v2\/comments?post=46977"}],"version-history":[{"count":2,"href":"https:\/\/geekmobiles.com\/cs\/wp-json\/wp\/v2\/pages\/46977\/revisions"}],"predecessor-version":[{"id":47278,"href":"https:\/\/geekmobiles.com\/cs\/wp-json\/wp\/v2\/pages\/46977\/revisions\/47278"}],"wp:attachment":[{"href":"https:\/\/geekmobiles.com\/cs\/wp-json\/wp\/v2\/media?parent=46977"}],"curies":[{"name":"wp","href":"https:\/\/api.w.org\/{rel}","templated":true}]}}